{"id":1123,"date":"2018-06-06T17:18:05","date_gmt":"2018-06-06T14:18:05","guid":{"rendered":"https:\/\/tukihenkilo.fi\/?page_id=1123"},"modified":"2025-12-18T08:57:46","modified_gmt":"2025-12-18T06:57:46","slug":"forvaltning","status":"publish","type":"page","link":"https:\/\/tukihenkilo.fi\/sv\/forvaltning\/","title":{"rendered":"F\u00f6rvaltning"},"content":{"rendered":"<p>Landsbygdens st\u00f6dpersonsn\u00e4tverk \u00e4r en del av verksamheten vid Loma ja Terveys ry. Loma ja Terveys ry ansvarar f\u00f6r st\u00f6dpersonsn\u00e4tverkets verksamhet, finansiering och personalledning. N\u00e4tverket syssels\u00e4tter en planerare.<\/p>\n<p>Loma ja Terveys ry:s styrelse har godk\u00e4nt den styrgrupp som utsetts av samarbetsorganisationerna. Styrgruppens uppgift \u00e4r att delta i utvecklingen och anpassningen av st\u00f6dpersonn\u00e4tverkets verksamhet. Styrgruppen best\u00e5r av representanter f\u00f6r samarbetsorganisationerna och st\u00f6dpersonn\u00e4tverket. Styrgruppens ordf\u00f6rande fr\u00e5n och med 1.1.2022 \u00e4r Pekka Perttula.<\/p>\n<p>Medlemmar i styrgruppen f\u00f6r Landsbygdens st\u00f6dpersonn\u00e4tverk 1.1.2026-31.12.2027<\/p>\n<p>&nbsp;<\/p>\n<table border=\"0\" cellspacing=\"0\" cellpadding=\"5\">\n<tbody>\n<tr>\n<td>\n<h3>Namn<\/h3>\n<\/td>\n<td>\n<h3>Bakrundsorganisation<\/h3>\n<\/td>\n<td><\/td>\n<\/tr>\n<tr>\n<td>Perttula Pekka<\/td>\n<td><\/td>\n<td>ordf\u00f6rande<\/td>\n<\/tr>\n<tr>\n<td>Launto-Tiuttu Aino<\/td>\n<td><\/td>\n<td><\/td>\n<\/tr>\n<tr>\n<td>Korpivaara Eeva<\/td>\n<td><a href=\"https:\/\/tukihenkilo.fi\/sv\/\" target=\"_blank\" rel=\"noopener noreferrer\">Maaseudun tukihenkil\u00f6verkko<\/a><\/td>\n<td><\/td>\n<\/tr>\n<tr>\n<td>\u00c5str\u00f6m Christell<\/td>\n<td><a title=\"Maa- ja Kotitalousnaisten Keskus\" href=\"https:\/\/portal.mtt.fi\/portal\/page\/portal\/MKN_SIVUSTO\" target=\"_blank\" rel=\"noopener noreferrer\">Maa- ja Kotitalousnaiset<\/a> \/ ProAgria<\/td>\n<td><\/td>\n<\/tr>\n<tr>\n<td>Nummela Irene<\/td>\n<td><a href=\"http:\/\/evl.fi\/\" target=\"_blank\" rel=\"noopener noreferrer\">Suomen Evl. Kirkko \/ Kirkkohallitus<\/a><\/td>\n<td><\/td>\n<\/tr>\n<tr>\n<td>Kaukkila Veli<\/td>\n<td><a href=\"https:\/\/mieli.fi\/fi\">Mieli ry.<\/a> (Mentalhygieniska f\u00f6reningen i Finland)<\/td>\n<td><\/td>\n<\/tr>\n<tr>\n<td>Haavisto Marja-Leena<\/td>\n<td><a title=\"Ty\u00f6terveyslaitos\" href=\"http:\/\/www.ttl.fi\/fi\/sivut\/default.aspx\" target=\"_blank\" rel=\"noopener noreferrer\">Ty\u00f6terveyslaitos<\/a><\/td>\n<td><\/td>\n<\/tr>\n<tr>\n<td>Skippari Virpi<\/td>\n<td><a title=\"Maaseudun Sivistysliitto\" href=\"http:\/\/www.msl.fi\/\" target=\"_blank\" rel=\"noopener noreferrer\">Maaseudun Sivistysliitto<\/a> (MSL)<\/td>\n<td><\/td>\n<\/tr>\n<tr>\n<td>Str\u00f6mberg-Nyg\u00e5rd M\u00e4rta<\/td>\n<td><a title=\"Maatalousyritt\u00e4jien el\u00e4kelaitos\" href=\"http:\/\/www.mela.fi\/\" target=\"_blank\" rel=\"noopener noreferrer\">Maatalousyritt\u00e4jien el\u00e4kelaitos<\/a> (Mela), Lantbruksf\u00f6retagarnas pensionsanstalt (LPA)<\/td>\n<td><\/td>\n<\/tr>\n<tr>\n<td>Wikstr\u00f6m Mia<\/td>\n<td><a href=\"http:\/\/www.slc.fi\/\" target=\"_blank\" rel=\"noopener noreferrer\">Svenska lantbruksproducenternas centralf\u00f6rbund<\/a><\/td>\n<td><\/td>\n<\/tr>\n<tr>\n<td>Rehula Matti<\/td>\n<td><a title=\"Maa- ja mets\u00e4taloustuottajain Keskusliitto\" href=\"http:\/\/www.mtk.fi\/\" target=\"_blank\" rel=\"noopener noreferrer\">Maa- ja mets\u00e4taloustuottajain Keskusliitto<\/a> (MTK), Centralf\u00f6rbundet f\u00f6r lant- och skogsbruksproducenter<\/td>\n<td><\/td>\n<\/tr>\n<tr>\n<td>Yl\u00f6nen Anne<\/td>\n<td><a href=\"http:\/\/www.lomajaterveys.fi\">Loma ja Terveys ry<\/a><\/td>\n<td><\/td>\n<\/tr>\n<tr>\n<td>Linnainmaa Aune<\/td>\n<td><a href=\"https:\/\/tukihenkilo.fi\/sv\/\" target=\"_blank\" rel=\"noopener noreferrer\">Maaseudun tukihenkil\u00f6verkko<\/a><\/td>\n<td><\/td>\n<\/tr>\n<tr>\n<td>Kalpa Mia<\/td>\n<td><a href=\"https:\/\/tukihenkilo.fi\/sv\/\" target=\"_blank\" rel=\"noopener noreferrer\">Maaseudun tukihenkil\u00f6verkko<\/a><\/td>\n<td>planerare<\/td>\n<\/tr>\n<\/tbody>\n<\/table>\n<p>&nbsp;<\/p>\n","protected":false},"excerpt":{"rendered":"<p>Landsbygdens st\u00f6dpersonsn\u00e4tverk \u00e4r en del av verksamheten vid Loma ja Terveys ry. Loma ja Terveys ry ansvarar f\u00f6r st\u00f6dpersonsn\u00e4tverkets verksamhet, finansiering och personalledning. N\u00e4tverket syssels\u00e4tter en planerare. Loma ja Terveys ry:s styrelse har godk\u00e4nt den styrgrupp som utsetts av samarbetsorganisationerna. Styrgruppens uppgift \u00e4r att delta i utvecklingen och anpassningen av st\u00f6dpersonn\u00e4tverkets verksamhet. Styrgruppen best\u00e5r av [&hellip;]<\/p>\n","protected":false},"author":15,"featured_media":2868,"parent":0,"menu_order":20,"comment_status":"closed","ping_status":"closed","template":"","meta":{"_genesis_hide_title":false,"_genesis_hide_breadcrumbs":false,"_genesis_hide_singular_image":false,"_genesis_hide_footer_widgets":false,"_genesis_custom_body_class":"","_genesis_custom_post_class":"","_genesis_layout":"","_mc_calendar":[],"footnotes":""},"class_list":{"0":"post-1123","1":"page","2":"type-page","3":"status-publish","4":"has-post-thumbnail","6":"entry"},"yoast_head":"<!-- This site is optimized with the Yoast SEO plugin v27.4 - https:\/\/yoast.com\/product\/yoast-seo-wordpress\/ -->\n<title>F\u00f6rvaltning - Maaseudun tukihenkil\u00f6verkko<\/title>\n<meta name=\"robots\" content=\"index, follow, max-snippet:-1, max-image-preview:large, max-video-preview:-1\" \/>\n<link rel=\"canonical\" href=\"https:\/\/tukihenkilo.fi\/sv\/forvaltning\/\" \/>\n<meta property=\"og:locale\" content=\"sv_SE\" \/>\n<meta property=\"og:type\" content=\"article\" \/>\n<meta property=\"og:title\" content=\"F\u00f6rvaltning - Maaseudun tukihenkil\u00f6verkko\" \/>\n<meta property=\"og:description\" content=\"Landsbygdens st\u00f6dpersonsn\u00e4tverk \u00e4r en del av verksamheten vid Loma ja Terveys ry. Loma ja Terveys ry ansvarar f\u00f6r st\u00f6dpersonsn\u00e4tverkets verksamhet, finansiering och personalledning. N\u00e4tverket syssels\u00e4tter en planerare. Loma ja Terveys ry:s styrelse har godk\u00e4nt den styrgrupp som utsetts av samarbetsorganisationerna. Styrgruppens uppgift \u00e4r att delta i utvecklingen och anpassningen av st\u00f6dpersonn\u00e4tverkets verksamhet. Styrgruppen best\u00e5r av [&hellip;]\" \/>\n<meta property=\"og:url\" content=\"https:\/\/tukihenkilo.fi\/sv\/forvaltning\/\" \/>\n<meta property=\"og:site_name\" content=\"Maaseudun tukihenkil\u00f6verkko\" \/>\n<meta property=\"article:modified_time\" content=\"2025-12-18T06:57:46+00:00\" \/>\n<meta property=\"og:image\" content=\"https:\/\/tukihenkilo.fi\/wp-content\/uploads\/MTLH_tukihenkilo_31052023-130-1-1-scaled-e1690880287525.jpg\" \/>\n\t<meta property=\"og:image:width\" content=\"2560\" \/>\n\t<meta property=\"og:image:height\" content=\"1707\" \/>\n\t<meta property=\"og:image:type\" content=\"image\/jpeg\" \/>\n<meta name=\"twitter:card\" content=\"summary_large_image\" \/>\n<meta name=\"twitter:label1\" content=\"Ber\u00e4knad l\u00e4stid\" \/>\n\t<meta name=\"twitter:data1\" content=\"2 minuter\" \/>\n<script type=\"application\/ld+json\" class=\"yoast-schema-graph\">{\"@context\":\"https:\\\/\\\/schema.org\",\"@graph\":[{\"@type\":\"WebPage\",\"@id\":\"https:\\\/\\\/tukihenkilo.fi\\\/sv\\\/forvaltning\\\/\",\"url\":\"https:\\\/\\\/tukihenkilo.fi\\\/sv\\\/forvaltning\\\/\",\"name\":\"F\u00f6rvaltning - Maaseudun tukihenkil\u00f6verkko\",\"isPartOf\":{\"@id\":\"https:\\\/\\\/tukihenkilo.fi\\\/#website\"},\"primaryImageOfPage\":{\"@id\":\"https:\\\/\\\/tukihenkilo.fi\\\/sv\\\/forvaltning\\\/#primaryimage\"},\"image\":{\"@id\":\"https:\\\/\\\/tukihenkilo.fi\\\/sv\\\/forvaltning\\\/#primaryimage\"},\"thumbnailUrl\":\"https:\\\/\\\/tukihenkilo.fi\\\/wp-content\\\/uploads\\\/MTLH_tukihenkilo_31052023-130-1-1-scaled-e1690880287525.jpg\",\"datePublished\":\"2018-06-06T14:18:05+00:00\",\"dateModified\":\"2025-12-18T06:57:46+00:00\",\"breadcrumb\":{\"@id\":\"https:\\\/\\\/tukihenkilo.fi\\\/sv\\\/forvaltning\\\/#breadcrumb\"},\"inLanguage\":\"sv-SE\",\"potentialAction\":[{\"@type\":\"ReadAction\",\"target\":[\"https:\\\/\\\/tukihenkilo.fi\\\/sv\\\/forvaltning\\\/\"]}]},{\"@type\":\"ImageObject\",\"inLanguage\":\"sv-SE\",\"@id\":\"https:\\\/\\\/tukihenkilo.fi\\\/sv\\\/forvaltning\\\/#primaryimage\",\"url\":\"https:\\\/\\\/tukihenkilo.fi\\\/wp-content\\\/uploads\\\/MTLH_tukihenkilo_31052023-130-1-1-scaled-e1690880287525.jpg\",\"contentUrl\":\"https:\\\/\\\/tukihenkilo.fi\\\/wp-content\\\/uploads\\\/MTLH_tukihenkilo_31052023-130-1-1-scaled-e1690880287525.jpg\",\"width\":2560,\"height\":1707,\"caption\":\"Kaksi mies istuvat vanhan puutalon portailla naureskellen ty\u00f6vaatteet ja ruutupaidat p\u00e4\u00e4ll\u00e4\u00e4n.\"},{\"@type\":\"BreadcrumbList\",\"@id\":\"https:\\\/\\\/tukihenkilo.fi\\\/sv\\\/forvaltning\\\/#breadcrumb\",\"itemListElement\":[{\"@type\":\"ListItem\",\"position\":1,\"name\":\"Home\",\"item\":\"https:\\\/\\\/tukihenkilo.fi\\\/sv\\\/\"},{\"@type\":\"ListItem\",\"position\":2,\"name\":\"F\u00f6rvaltning\"}]},{\"@type\":\"WebSite\",\"@id\":\"https:\\\/\\\/tukihenkilo.fi\\\/#website\",\"url\":\"https:\\\/\\\/tukihenkilo.fi\\\/\",\"name\":\"Maaseudun tukihenkil\u00f6verkko\",\"description\":\"Maaseudun tukihenkil\u00f6verkko on vapaaehtoisty\u00f6h\u00f6n perustuva auttamisverkosto, joka tarjoaa keskusteluapua kaikille maaseudun asukkaille toimialasta riippumatta.\",\"potentialAction\":[{\"@type\":\"SearchAction\",\"target\":{\"@type\":\"EntryPoint\",\"urlTemplate\":\"https:\\\/\\\/tukihenkilo.fi\\\/?s={search_term_string}\"},\"query-input\":{\"@type\":\"PropertyValueSpecification\",\"valueRequired\":true,\"valueName\":\"search_term_string\"}}],\"inLanguage\":\"sv-SE\"}]}<\/script>\n<!-- \/ Yoast SEO plugin. -->","yoast_head_json":{"title":"F\u00f6rvaltning - Maaseudun tukihenkil\u00f6verkko","robots":{"index":"index","follow":"follow","max-snippet":"max-snippet:-1","max-image-preview":"max-image-preview:large","max-video-preview":"max-video-preview:-1"},"canonical":"https:\/\/tukihenkilo.fi\/sv\/forvaltning\/","og_locale":"sv_SE","og_type":"article","og_title":"F\u00f6rvaltning - Maaseudun tukihenkil\u00f6verkko","og_description":"Landsbygdens st\u00f6dpersonsn\u00e4tverk \u00e4r en del av verksamheten vid Loma ja Terveys ry. Loma ja Terveys ry ansvarar f\u00f6r st\u00f6dpersonsn\u00e4tverkets verksamhet, finansiering och personalledning. N\u00e4tverket syssels\u00e4tter en planerare. Loma ja Terveys ry:s styrelse har godk\u00e4nt den styrgrupp som utsetts av samarbetsorganisationerna. Styrgruppens uppgift \u00e4r att delta i utvecklingen och anpassningen av st\u00f6dpersonn\u00e4tverkets verksamhet. Styrgruppen best\u00e5r av [&hellip;]","og_url":"https:\/\/tukihenkilo.fi\/sv\/forvaltning\/","og_site_name":"Maaseudun tukihenkil\u00f6verkko","article_modified_time":"2025-12-18T06:57:46+00:00","og_image":[{"width":2560,"height":1707,"url":"https:\/\/tukihenkilo.fi\/wp-content\/uploads\/MTLH_tukihenkilo_31052023-130-1-1-scaled-e1690880287525.jpg","type":"image\/jpeg"}],"twitter_card":"summary_large_image","twitter_misc":{"Ber\u00e4knad l\u00e4stid":"2 minuter"},"schema":{"@context":"https:\/\/schema.org","@graph":[{"@type":"WebPage","@id":"https:\/\/tukihenkilo.fi\/sv\/forvaltning\/","url":"https:\/\/tukihenkilo.fi\/sv\/forvaltning\/","name":"F\u00f6rvaltning - Maaseudun tukihenkil\u00f6verkko","isPartOf":{"@id":"https:\/\/tukihenkilo.fi\/#website"},"primaryImageOfPage":{"@id":"https:\/\/tukihenkilo.fi\/sv\/forvaltning\/#primaryimage"},"image":{"@id":"https:\/\/tukihenkilo.fi\/sv\/forvaltning\/#primaryimage"},"thumbnailUrl":"https:\/\/tukihenkilo.fi\/wp-content\/uploads\/MTLH_tukihenkilo_31052023-130-1-1-scaled-e1690880287525.jpg","datePublished":"2018-06-06T14:18:05+00:00","dateModified":"2025-12-18T06:57:46+00:00","breadcrumb":{"@id":"https:\/\/tukihenkilo.fi\/sv\/forvaltning\/#breadcrumb"},"inLanguage":"sv-SE","potentialAction":[{"@type":"ReadAction","target":["https:\/\/tukihenkilo.fi\/sv\/forvaltning\/"]}]},{"@type":"ImageObject","inLanguage":"sv-SE","@id":"https:\/\/tukihenkilo.fi\/sv\/forvaltning\/#primaryimage","url":"https:\/\/tukihenkilo.fi\/wp-content\/uploads\/MTLH_tukihenkilo_31052023-130-1-1-scaled-e1690880287525.jpg","contentUrl":"https:\/\/tukihenkilo.fi\/wp-content\/uploads\/MTLH_tukihenkilo_31052023-130-1-1-scaled-e1690880287525.jpg","width":2560,"height":1707,"caption":"Kaksi mies istuvat vanhan puutalon portailla naureskellen ty\u00f6vaatteet ja ruutupaidat p\u00e4\u00e4ll\u00e4\u00e4n."},{"@type":"BreadcrumbList","@id":"https:\/\/tukihenkilo.fi\/sv\/forvaltning\/#breadcrumb","itemListElement":[{"@type":"ListItem","position":1,"name":"Home","item":"https:\/\/tukihenkilo.fi\/sv\/"},{"@type":"ListItem","position":2,"name":"F\u00f6rvaltning"}]},{"@type":"WebSite","@id":"https:\/\/tukihenkilo.fi\/#website","url":"https:\/\/tukihenkilo.fi\/","name":"Maaseudun tukihenkil\u00f6verkko","description":"Maaseudun tukihenkil\u00f6verkko on vapaaehtoisty\u00f6h\u00f6n perustuva auttamisverkosto, joka tarjoaa keskusteluapua kaikille maaseudun asukkaille toimialasta riippumatta.","potentialAction":[{"@type":"SearchAction","target":{"@type":"EntryPoint","urlTemplate":"https:\/\/tukihenkilo.fi\/?s={search_term_string}"},"query-input":{"@type":"PropertyValueSpecification","valueRequired":true,"valueName":"search_term_string"}}],"inLanguage":"sv-SE"}]}},"publishpress_future_action":{"enabled":false,"date":"2026-04-27 01:58:44","action":"change-status","newStatus":"draft","terms":[],"taxonomy":"translation_priority","extraData":[]},"publishpress_future_workflow_manual_trigger":{"enabledWorkflows":[]},"_links":{"self":[{"href":"https:\/\/tukihenkilo.fi\/sv\/wp-json\/wp\/v2\/pages\/1123","targetHints":{"allow":["GET"]}}],"collection":[{"href":"https:\/\/tukihenkilo.fi\/sv\/wp-json\/wp\/v2\/pages"}],"about":[{"href":"https:\/\/tukihenkilo.fi\/sv\/wp-json\/wp\/v2\/types\/page"}],"author":[{"embeddable":true,"href":"https:\/\/tukihenkilo.fi\/sv\/wp-json\/wp\/v2\/users\/15"}],"replies":[{"embeddable":true,"href":"https:\/\/tukihenkilo.fi\/sv\/wp-json\/wp\/v2\/comments?post=1123"}],"version-history":[{"count":23,"href":"https:\/\/tukihenkilo.fi\/sv\/wp-json\/wp\/v2\/pages\/1123\/revisions"}],"predecessor-version":[{"id":4274,"href":"https:\/\/tukihenkilo.fi\/sv\/wp-json\/wp\/v2\/pages\/1123\/revisions\/4274"}],"wp:featuredmedia":[{"embeddable":true,"href":"https:\/\/tukihenkilo.fi\/sv\/wp-json\/wp\/v2\/media\/2868"}],"wp:attachment":[{"href":"https:\/\/tukihenkilo.fi\/sv\/wp-json\/wp\/v2\/media?parent=1123"}],"curies":[{"name":"wp","href":"https:\/\/api.w.org\/{rel}","templated":true}]}}