{"id":1125,"date":"2018-06-06T17:36:44","date_gmt":"2018-06-06T14:36:44","guid":{"rendered":"https:\/\/tukihenkilo.fi\/?page_id=1125"},"modified":"2023-09-28T14:03:46","modified_gmt":"2023-09-28T11:03:46","slug":"historia","status":"publish","type":"page","link":"https:\/\/tukihenkilo.fi\/sv\/historia\/","title":{"rendered":"Historia"},"content":{"rendered":"<p>Uppkomsten av Landsbygdens st\u00f6dpersonn\u00e4tverk och tiden fram till dess pr\u00e4glades av snabba f\u00f6r\u00e4ndringar och ett os\u00e4kert l\u00e4ge inom jordbruket. I och med Finlands anslutning till Europeiska unionen 1995 \u00e4ndrades v\u00e5rt lands jordbrukspolitik fr\u00e5n nationell till \u00f6verstatlig, vilket f\u00f6rde med sig os\u00e4kerhet, r\u00e4dsla f\u00f6r utkomsten och f\u00f6rlust av traditioner &#8211; en \u00f6vergripande f\u00f6r\u00e4ndring av kulturen och livet p\u00e5 landsbygden. I och med anslutningen till Europeiska unionen b\u00f6rjade starka budskap komma fr\u00e5n landskapen till MTK och LPA om att m\u00e4nniskor inte m\u00e5dde bra och att n\u00e5got m\u00e5ste g\u00f6ras f\u00f6r att hj\u00e4lpa dem. De som arbetade med jordbrukets r\u00e5dgivningsarbete k\u00e4nde sig maktl\u00f6sa inf\u00f6r m\u00e4nniskor som levde i otrygghet och sv\u00e5righeter, utan verktyg f\u00f6r att m\u00f6ta och hj\u00e4lpa jordbrukarna.<\/p>\n<p>MTK:s socialpolitiska utskott svarade p\u00e5 budskapet genom att sammankalla en bred och m\u00e5ngsidig grupp av experter f\u00f6r att reflektera \u00f6ver landsbygdsbefolkningens problem och f\u00f6r att hitta l\u00f6sningar p\u00e5 de komplexa problemen. Uppbyggnaden av Landsbygdens st\u00f6dpersonn\u00e4tverk inleddes 1996 med ett bidrag fr\u00e5n LPA f\u00f6r arbetss\u00e4kerhet. Utvecklingen av Landsbygdens st\u00f6dpersonn\u00e4tverk finansierades av Penningautomatf\u00f6reningen (RAY) och Europeiska socialfonden (ESF).<\/p>\n<p>Verksamheten finansieras numera av social- och h\u00e4lsov\u00e5rdsministeriet. St\u00f6dpersonsn\u00e4tverkets verksamhetsmodell baserar sig p\u00e5 Mieli ry:s verksamhetsmodell.<\/p>\n","protected":false},"excerpt":{"rendered":"<p>Uppkomsten av Landsbygdens st\u00f6dpersonn\u00e4tverk och tiden fram till dess pr\u00e4glades av snabba f\u00f6r\u00e4ndringar och ett os\u00e4kert l\u00e4ge inom jordbruket. I och med Finlands anslutning till Europeiska unionen 1995 \u00e4ndrades v\u00e5rt lands jordbrukspolitik fr\u00e5n nationell till \u00f6verstatlig, vilket f\u00f6rde med sig os\u00e4kerhet, r\u00e4dsla f\u00f6r utkomsten och f\u00f6rlust av traditioner &#8211; en \u00f6vergripande f\u00f6r\u00e4ndring av kulturen och [&hellip;]<\/p>\n","protected":false},"author":15,"featured_media":2868,"parent":0,"menu_order":10,"comment_status":"closed","ping_status":"closed","template":"","meta":{"_genesis_hide_title":false,"_genesis_hide_breadcrumbs":false,"_genesis_hide_singular_image":false,"_genesis_hide_footer_widgets":false,"_genesis_custom_body_class":"","_genesis_custom_post_class":"","_genesis_layout":"full-width-content","_mc_calendar":[],"footnotes":""},"class_list":{"0":"post-1125","1":"page","2":"type-page","3":"status-publish","4":"has-post-thumbnail","6":"entry"},"yoast_head":"<!-- This site is optimized with the Yoast SEO plugin v27.5 - https:\/\/yoast.com\/product\/yoast-seo-wordpress\/ -->\n<title>Historia - Maaseudun tukihenkil\u00f6verkko<\/title>\n<meta name=\"robots\" content=\"index, follow, max-snippet:-1, max-image-preview:large, max-video-preview:-1\" \/>\n<link rel=\"canonical\" href=\"https:\/\/tukihenkilo.fi\/sv\/historia\/\" \/>\n<meta property=\"og:locale\" content=\"sv_SE\" \/>\n<meta property=\"og:type\" content=\"article\" \/>\n<meta property=\"og:title\" content=\"Historia - Maaseudun tukihenkil\u00f6verkko\" \/>\n<meta property=\"og:description\" content=\"Uppkomsten av Landsbygdens st\u00f6dpersonn\u00e4tverk och tiden fram till dess pr\u00e4glades av snabba f\u00f6r\u00e4ndringar och ett os\u00e4kert l\u00e4ge inom jordbruket. I och med Finlands anslutning till Europeiska unionen 1995 \u00e4ndrades v\u00e5rt lands jordbrukspolitik fr\u00e5n nationell till \u00f6verstatlig, vilket f\u00f6rde med sig os\u00e4kerhet, r\u00e4dsla f\u00f6r utkomsten och f\u00f6rlust av traditioner &#8211; en \u00f6vergripande f\u00f6r\u00e4ndring av kulturen och [&hellip;]\" \/>\n<meta property=\"og:url\" content=\"https:\/\/tukihenkilo.fi\/sv\/historia\/\" \/>\n<meta property=\"og:site_name\" content=\"Maaseudun tukihenkil\u00f6verkko\" \/>\n<meta property=\"article:modified_time\" content=\"2023-09-28T11:03:46+00:00\" \/>\n<meta property=\"og:image\" content=\"https:\/\/tukihenkilo.fi\/wp-content\/uploads\/MTLH_tukihenkilo_31052023-130-1-1-scaled-e1690880287525.jpg\" \/>\n\t<meta property=\"og:image:width\" content=\"2560\" \/>\n\t<meta property=\"og:image:height\" content=\"1707\" \/>\n\t<meta property=\"og:image:type\" content=\"image\/jpeg\" \/>\n<meta name=\"twitter:card\" content=\"summary_large_image\" \/>\n<meta name=\"twitter:label1\" content=\"Ber\u00e4knad l\u00e4stid\" \/>\n\t<meta name=\"twitter:data1\" content=\"2 minuter\" \/>\n<script type=\"application\/ld+json\" class=\"yoast-schema-graph\">{\"@context\":\"https:\\\/\\\/schema.org\",\"@graph\":[{\"@type\":\"WebPage\",\"@id\":\"https:\\\/\\\/tukihenkilo.fi\\\/sv\\\/historia\\\/\",\"url\":\"https:\\\/\\\/tukihenkilo.fi\\\/sv\\\/historia\\\/\",\"name\":\"Historia - Maaseudun tukihenkil\u00f6verkko\",\"isPartOf\":{\"@id\":\"https:\\\/\\\/tukihenkilo.fi\\\/#website\"},\"primaryImageOfPage\":{\"@id\":\"https:\\\/\\\/tukihenkilo.fi\\\/sv\\\/historia\\\/#primaryimage\"},\"image\":{\"@id\":\"https:\\\/\\\/tukihenkilo.fi\\\/sv\\\/historia\\\/#primaryimage\"},\"thumbnailUrl\":\"https:\\\/\\\/tukihenkilo.fi\\\/wp-content\\\/uploads\\\/MTLH_tukihenkilo_31052023-130-1-1-scaled-e1690880287525.jpg\",\"datePublished\":\"2018-06-06T14:36:44+00:00\",\"dateModified\":\"2023-09-28T11:03:46+00:00\",\"breadcrumb\":{\"@id\":\"https:\\\/\\\/tukihenkilo.fi\\\/sv\\\/historia\\\/#breadcrumb\"},\"inLanguage\":\"sv-SE\",\"potentialAction\":[{\"@type\":\"ReadAction\",\"target\":[\"https:\\\/\\\/tukihenkilo.fi\\\/sv\\\/historia\\\/\"]}]},{\"@type\":\"ImageObject\",\"inLanguage\":\"sv-SE\",\"@id\":\"https:\\\/\\\/tukihenkilo.fi\\\/sv\\\/historia\\\/#primaryimage\",\"url\":\"https:\\\/\\\/tukihenkilo.fi\\\/wp-content\\\/uploads\\\/MTLH_tukihenkilo_31052023-130-1-1-scaled-e1690880287525.jpg\",\"contentUrl\":\"https:\\\/\\\/tukihenkilo.fi\\\/wp-content\\\/uploads\\\/MTLH_tukihenkilo_31052023-130-1-1-scaled-e1690880287525.jpg\",\"width\":2560,\"height\":1707,\"caption\":\"Kaksi mies istuvat vanhan puutalon portailla naureskellen ty\u00f6vaatteet ja ruutupaidat p\u00e4\u00e4ll\u00e4\u00e4n.\"},{\"@type\":\"BreadcrumbList\",\"@id\":\"https:\\\/\\\/tukihenkilo.fi\\\/sv\\\/historia\\\/#breadcrumb\",\"itemListElement\":[{\"@type\":\"ListItem\",\"position\":1,\"name\":\"Home\",\"item\":\"https:\\\/\\\/tukihenkilo.fi\\\/sv\\\/\"},{\"@type\":\"ListItem\",\"position\":2,\"name\":\"Historia\"}]},{\"@type\":\"WebSite\",\"@id\":\"https:\\\/\\\/tukihenkilo.fi\\\/#website\",\"url\":\"https:\\\/\\\/tukihenkilo.fi\\\/\",\"name\":\"Maaseudun tukihenkil\u00f6verkko\",\"description\":\"Maaseudun tukihenkil\u00f6verkko on vapaaehtoisty\u00f6h\u00f6n perustuva auttamisverkosto, joka tarjoaa keskusteluapua kaikille maaseudun asukkaille toimialasta riippumatta.\",\"potentialAction\":[{\"@type\":\"SearchAction\",\"target\":{\"@type\":\"EntryPoint\",\"urlTemplate\":\"https:\\\/\\\/tukihenkilo.fi\\\/?s={search_term_string}\"},\"query-input\":{\"@type\":\"PropertyValueSpecification\",\"valueRequired\":true,\"valueName\":\"search_term_string\"}}],\"inLanguage\":\"sv-SE\"}]}<\/script>\n<!-- \/ Yoast SEO plugin. -->","yoast_head_json":{"title":"Historia - Maaseudun tukihenkil\u00f6verkko","robots":{"index":"index","follow":"follow","max-snippet":"max-snippet:-1","max-image-preview":"max-image-preview:large","max-video-preview":"max-video-preview:-1"},"canonical":"https:\/\/tukihenkilo.fi\/sv\/historia\/","og_locale":"sv_SE","og_type":"article","og_title":"Historia - Maaseudun tukihenkil\u00f6verkko","og_description":"Uppkomsten av Landsbygdens st\u00f6dpersonn\u00e4tverk och tiden fram till dess pr\u00e4glades av snabba f\u00f6r\u00e4ndringar och ett os\u00e4kert l\u00e4ge inom jordbruket. I och med Finlands anslutning till Europeiska unionen 1995 \u00e4ndrades v\u00e5rt lands jordbrukspolitik fr\u00e5n nationell till \u00f6verstatlig, vilket f\u00f6rde med sig os\u00e4kerhet, r\u00e4dsla f\u00f6r utkomsten och f\u00f6rlust av traditioner &#8211; en \u00f6vergripande f\u00f6r\u00e4ndring av kulturen och [&hellip;]","og_url":"https:\/\/tukihenkilo.fi\/sv\/historia\/","og_site_name":"Maaseudun tukihenkil\u00f6verkko","article_modified_time":"2023-09-28T11:03:46+00:00","og_image":[{"width":2560,"height":1707,"url":"https:\/\/tukihenkilo.fi\/wp-content\/uploads\/MTLH_tukihenkilo_31052023-130-1-1-scaled-e1690880287525.jpg","type":"image\/jpeg"}],"twitter_card":"summary_large_image","twitter_misc":{"Ber\u00e4knad l\u00e4stid":"2 minuter"},"schema":{"@context":"https:\/\/schema.org","@graph":[{"@type":"WebPage","@id":"https:\/\/tukihenkilo.fi\/sv\/historia\/","url":"https:\/\/tukihenkilo.fi\/sv\/historia\/","name":"Historia - Maaseudun tukihenkil\u00f6verkko","isPartOf":{"@id":"https:\/\/tukihenkilo.fi\/#website"},"primaryImageOfPage":{"@id":"https:\/\/tukihenkilo.fi\/sv\/historia\/#primaryimage"},"image":{"@id":"https:\/\/tukihenkilo.fi\/sv\/historia\/#primaryimage"},"thumbnailUrl":"https:\/\/tukihenkilo.fi\/wp-content\/uploads\/MTLH_tukihenkilo_31052023-130-1-1-scaled-e1690880287525.jpg","datePublished":"2018-06-06T14:36:44+00:00","dateModified":"2023-09-28T11:03:46+00:00","breadcrumb":{"@id":"https:\/\/tukihenkilo.fi\/sv\/historia\/#breadcrumb"},"inLanguage":"sv-SE","potentialAction":[{"@type":"ReadAction","target":["https:\/\/tukihenkilo.fi\/sv\/historia\/"]}]},{"@type":"ImageObject","inLanguage":"sv-SE","@id":"https:\/\/tukihenkilo.fi\/sv\/historia\/#primaryimage","url":"https:\/\/tukihenkilo.fi\/wp-content\/uploads\/MTLH_tukihenkilo_31052023-130-1-1-scaled-e1690880287525.jpg","contentUrl":"https:\/\/tukihenkilo.fi\/wp-content\/uploads\/MTLH_tukihenkilo_31052023-130-1-1-scaled-e1690880287525.jpg","width":2560,"height":1707,"caption":"Kaksi mies istuvat vanhan puutalon portailla naureskellen ty\u00f6vaatteet ja ruutupaidat p\u00e4\u00e4ll\u00e4\u00e4n."},{"@type":"BreadcrumbList","@id":"https:\/\/tukihenkilo.fi\/sv\/historia\/#breadcrumb","itemListElement":[{"@type":"ListItem","position":1,"name":"Home","item":"https:\/\/tukihenkilo.fi\/sv\/"},{"@type":"ListItem","position":2,"name":"Historia"}]},{"@type":"WebSite","@id":"https:\/\/tukihenkilo.fi\/#website","url":"https:\/\/tukihenkilo.fi\/","name":"Maaseudun tukihenkil\u00f6verkko","description":"Maaseudun tukihenkil\u00f6verkko on vapaaehtoisty\u00f6h\u00f6n perustuva auttamisverkosto, joka tarjoaa keskusteluapua kaikille maaseudun asukkaille toimialasta riippumatta.","potentialAction":[{"@type":"SearchAction","target":{"@type":"EntryPoint","urlTemplate":"https:\/\/tukihenkilo.fi\/?s={search_term_string}"},"query-input":{"@type":"PropertyValueSpecification","valueRequired":true,"valueName":"search_term_string"}}],"inLanguage":"sv-SE"}]}},"publishpress_future_action":{"enabled":false,"date":"2026-05-09 19:18:20","action":"change-status","newStatus":"draft","terms":[],"taxonomy":"translation_priority","extraData":[]},"publishpress_future_workflow_manual_trigger":{"enabledWorkflows":[]},"_links":{"self":[{"href":"https:\/\/tukihenkilo.fi\/sv\/wp-json\/wp\/v2\/pages\/1125","targetHints":{"allow":["GET"]}}],"collection":[{"href":"https:\/\/tukihenkilo.fi\/sv\/wp-json\/wp\/v2\/pages"}],"about":[{"href":"https:\/\/tukihenkilo.fi\/sv\/wp-json\/wp\/v2\/types\/page"}],"author":[{"embeddable":true,"href":"https:\/\/tukihenkilo.fi\/sv\/wp-json\/wp\/v2\/users\/15"}],"replies":[{"embeddable":true,"href":"https:\/\/tukihenkilo.fi\/sv\/wp-json\/wp\/v2\/comments?post=1125"}],"version-history":[{"count":3,"href":"https:\/\/tukihenkilo.fi\/sv\/wp-json\/wp\/v2\/pages\/1125\/revisions"}],"predecessor-version":[{"id":3004,"href":"https:\/\/tukihenkilo.fi\/sv\/wp-json\/wp\/v2\/pages\/1125\/revisions\/3004"}],"wp:featuredmedia":[{"embeddable":true,"href":"https:\/\/tukihenkilo.fi\/sv\/wp-json\/wp\/v2\/media\/2868"}],"wp:attachment":[{"href":"https:\/\/tukihenkilo.fi\/sv\/wp-json\/wp\/v2\/media?parent=1125"}],"curies":[{"name":"wp","href":"https:\/\/api.w.org\/{rel}","templated":true}]}}