{"id":2480,"date":"2022-08-22T13:55:23","date_gmt":"2022-08-22T10:55:23","guid":{"rendered":"https:\/\/tukihenkilo.fi\/evastekaytanto-eu\/"},"modified":"2022-08-22T14:11:12","modified_gmt":"2022-08-22T11:11:12","slug":"evastekaytanto-eu","status":"publish","type":"page","link":"https:\/\/tukihenkilo.fi\/sv\/evastekaytanto-eu\/","title":{"rendered":"Cookie Policy (EU)"},"content":{"rendered":"[cmplz-document type=&#8221;cookie-statement&#8221; region=&#8221;eu&#8221;]\n","protected":false},"excerpt":{"rendered":"<p>[cmplz-document type=&#8221;cookie-statement&#8221; region=&#8221;eu&#8221;]<\/p>\n","protected":false},"author":15,"featured_media":0,"parent":0,"menu_order":0,"comment_status":"closed","ping_status":"closed","template":"","meta":{"_genesis_hide_title":false,"_genesis_hide_breadcrumbs":false,"_genesis_hide_singular_image":false,"_genesis_hide_footer_widgets":false,"_genesis_custom_body_class":"","_genesis_custom_post_class":"","_genesis_layout":"","_mc_calendar":[],"footnotes":""},"class_list":{"0":"post-2480","1":"page","2":"type-page","3":"status-publish","5":"entry"},"yoast_head":"<!-- This site is optimized with the Yoast SEO plugin v27.4 - https:\/\/yoast.com\/product\/yoast-seo-wordpress\/ -->\n<title>Cookie Policy (EU) - Maaseudun tukihenkil\u00f6verkko<\/title>\n<meta name=\"robots\" content=\"index, follow, max-snippet:-1, max-image-preview:large, max-video-preview:-1\" \/>\n<link rel=\"canonical\" href=\"https:\/\/tukihenkilo.fi\/sv\/evastekaytanto-eu\/\" \/>\n<meta property=\"og:locale\" content=\"sv_SE\" \/>\n<meta property=\"og:type\" content=\"article\" \/>\n<meta property=\"og:title\" content=\"Cookie Policy (EU) - Maaseudun tukihenkil\u00f6verkko\" \/>\n<meta property=\"og:description\" content=\"[cmplz-document type=&#8221;cookie-statement&#8221; region=&#8221;eu&#8221;]\" \/>\n<meta property=\"og:url\" content=\"https:\/\/tukihenkilo.fi\/sv\/evastekaytanto-eu\/\" \/>\n<meta property=\"og:site_name\" content=\"Maaseudun tukihenkil\u00f6verkko\" \/>\n<meta property=\"article:modified_time\" content=\"2022-08-22T11:11:12+00:00\" \/>\n<meta name=\"twitter:card\" content=\"summary_large_image\" \/>\n<meta name=\"twitter:label1\" content=\"Ber\u00e4knad l\u00e4stid\" \/>\n\t<meta name=\"twitter:data1\" content=\"1 minut\" \/>\n<script type=\"application\/ld+json\" class=\"yoast-schema-graph\">{\"@context\":\"https:\\\/\\\/schema.org\",\"@graph\":[{\"@type\":\"WebPage\",\"@id\":\"https:\\\/\\\/tukihenkilo.fi\\\/sv\\\/evastekaytanto-eu\\\/\",\"url\":\"https:\\\/\\\/tukihenkilo.fi\\\/sv\\\/evastekaytanto-eu\\\/\",\"name\":\"Cookie Policy (EU) - Maaseudun tukihenkil\u00f6verkko\",\"isPartOf\":{\"@id\":\"https:\\\/\\\/tukihenkilo.fi\\\/#website\"},\"datePublished\":\"2022-08-22T10:55:23+00:00\",\"dateModified\":\"2022-08-22T11:11:12+00:00\",\"breadcrumb\":{\"@id\":\"https:\\\/\\\/tukihenkilo.fi\\\/sv\\\/evastekaytanto-eu\\\/#breadcrumb\"},\"inLanguage\":\"sv-SE\",\"potentialAction\":[{\"@type\":\"ReadAction\",\"target\":[\"https:\\\/\\\/tukihenkilo.fi\\\/sv\\\/evastekaytanto-eu\\\/\"]}]},{\"@type\":\"BreadcrumbList\",\"@id\":\"https:\\\/\\\/tukihenkilo.fi\\\/sv\\\/evastekaytanto-eu\\\/#breadcrumb\",\"itemListElement\":[{\"@type\":\"ListItem\",\"position\":1,\"name\":\"Home\",\"item\":\"https:\\\/\\\/tukihenkilo.fi\\\/sv\\\/\"},{\"@type\":\"ListItem\",\"position\":2,\"name\":\"Cookie Policy (EU)\"}]},{\"@type\":\"WebSite\",\"@id\":\"https:\\\/\\\/tukihenkilo.fi\\\/#website\",\"url\":\"https:\\\/\\\/tukihenkilo.fi\\\/\",\"name\":\"Maaseudun tukihenkil\u00f6verkko\",\"description\":\"Maaseudun tukihenkil\u00f6verkko on vapaaehtoisty\u00f6h\u00f6n perustuva auttamisverkosto, joka tarjoaa keskusteluapua kaikille maaseudun asukkaille toimialasta riippumatta.\",\"potentialAction\":[{\"@type\":\"SearchAction\",\"target\":{\"@type\":\"EntryPoint\",\"urlTemplate\":\"https:\\\/\\\/tukihenkilo.fi\\\/?s={search_term_string}\"},\"query-input\":{\"@type\":\"PropertyValueSpecification\",\"valueRequired\":true,\"valueName\":\"search_term_string\"}}],\"inLanguage\":\"sv-SE\"}]}<\/script>\n<!-- \/ Yoast SEO plugin. -->","yoast_head_json":{"title":"Cookie Policy (EU) - Maaseudun tukihenkil\u00f6verkko","robots":{"index":"index","follow":"follow","max-snippet":"max-snippet:-1","max-image-preview":"max-image-preview:large","max-video-preview":"max-video-preview:-1"},"canonical":"https:\/\/tukihenkilo.fi\/sv\/evastekaytanto-eu\/","og_locale":"sv_SE","og_type":"article","og_title":"Cookie Policy (EU) - Maaseudun tukihenkil\u00f6verkko","og_description":"[cmplz-document type=&#8221;cookie-statement&#8221; region=&#8221;eu&#8221;]","og_url":"https:\/\/tukihenkilo.fi\/sv\/evastekaytanto-eu\/","og_site_name":"Maaseudun tukihenkil\u00f6verkko","article_modified_time":"2022-08-22T11:11:12+00:00","twitter_card":"summary_large_image","twitter_misc":{"Ber\u00e4knad l\u00e4stid":"1 minut"},"schema":{"@context":"https:\/\/schema.org","@graph":[{"@type":"WebPage","@id":"https:\/\/tukihenkilo.fi\/sv\/evastekaytanto-eu\/","url":"https:\/\/tukihenkilo.fi\/sv\/evastekaytanto-eu\/","name":"Cookie Policy (EU) - Maaseudun tukihenkil\u00f6verkko","isPartOf":{"@id":"https:\/\/tukihenkilo.fi\/#website"},"datePublished":"2022-08-22T10:55:23+00:00","dateModified":"2022-08-22T11:11:12+00:00","breadcrumb":{"@id":"https:\/\/tukihenkilo.fi\/sv\/evastekaytanto-eu\/#breadcrumb"},"inLanguage":"sv-SE","potentialAction":[{"@type":"ReadAction","target":["https:\/\/tukihenkilo.fi\/sv\/evastekaytanto-eu\/"]}]},{"@type":"BreadcrumbList","@id":"https:\/\/tukihenkilo.fi\/sv\/evastekaytanto-eu\/#breadcrumb","itemListElement":[{"@type":"ListItem","position":1,"name":"Home","item":"https:\/\/tukihenkilo.fi\/sv\/"},{"@type":"ListItem","position":2,"name":"Cookie Policy (EU)"}]},{"@type":"WebSite","@id":"https:\/\/tukihenkilo.fi\/#website","url":"https:\/\/tukihenkilo.fi\/","name":"Maaseudun tukihenkil\u00f6verkko","description":"Maaseudun tukihenkil\u00f6verkko on vapaaehtoisty\u00f6h\u00f6n perustuva auttamisverkosto, joka tarjoaa keskusteluapua kaikille maaseudun asukkaille toimialasta riippumatta.","potentialAction":[{"@type":"SearchAction","target":{"@type":"EntryPoint","urlTemplate":"https:\/\/tukihenkilo.fi\/?s={search_term_string}"},"query-input":{"@type":"PropertyValueSpecification","valueRequired":true,"valueName":"search_term_string"}}],"inLanguage":"sv-SE"}]}},"publishpress_future_action":{"enabled":false,"date":"2026-04-25 01:54:50","action":"change-status","newStatus":"draft","terms":[],"taxonomy":"translation_priority","extraData":[]},"publishpress_future_workflow_manual_trigger":{"enabledWorkflows":[]},"_links":{"self":[{"href":"https:\/\/tukihenkilo.fi\/sv\/wp-json\/wp\/v2\/pages\/2480","targetHints":{"allow":["GET"]}}],"collection":[{"href":"https:\/\/tukihenkilo.fi\/sv\/wp-json\/wp\/v2\/pages"}],"about":[{"href":"https:\/\/tukihenkilo.fi\/sv\/wp-json\/wp\/v2\/types\/page"}],"author":[{"embeddable":true,"href":"https:\/\/tukihenkilo.fi\/sv\/wp-json\/wp\/v2\/users\/15"}],"replies":[{"embeddable":true,"href":"https:\/\/tukihenkilo.fi\/sv\/wp-json\/wp\/v2\/comments?post=2480"}],"version-history":[{"count":1,"href":"https:\/\/tukihenkilo.fi\/sv\/wp-json\/wp\/v2\/pages\/2480\/revisions"}],"predecessor-version":[{"id":2481,"href":"https:\/\/tukihenkilo.fi\/sv\/wp-json\/wp\/v2\/pages\/2480\/revisions\/2481"}],"wp:attachment":[{"href":"https:\/\/tukihenkilo.fi\/sv\/wp-json\/wp\/v2\/media?parent=2480"}],"curies":[{"name":"wp","href":"https:\/\/api.w.org\/{rel}","templated":true}]}}