{"id":3159,"date":"2024-01-17T15:10:38","date_gmt":"2024-01-17T13:10:38","guid":{"rendered":"https:\/\/tukihenkilo.fi\/?page_id=3159"},"modified":"2025-09-12T13:15:21","modified_gmt":"2025-09-12T10:15:21","slug":"kom-med-som-frivillig","status":"publish","type":"page","link":"https:\/\/tukihenkilo.fi\/sv\/kom-med-som-frivillig\/","title":{"rendered":"Kom med som frivillig"},"content":{"rendered":"<p><em>K\u00e4nner du till levnadsf\u00f6rh\u00e5llandena p\u00e5 landsbygden? \u00c4r du intresserad av att ge sj\u00e4lsligt st\u00f6d? Vill du verka som frivillig f\u00f6ljeslagare i vardagens p\u00e5frestningar och i olika krissituationer i livet? Du befinner dig v\u00e4l inte sj\u00e4lv i en akut kris?<\/em><\/p>\n<p>Om du svarade ja, kan du vara den person vi letar efter! Vi erbjuder dig m\u00f6jlighet till ett meningsfullt och givande frivilligarbete d\u00e4r du kan bidra till landsbygdsbefolkningens och jordbrukarnas v\u00e4lbefinnande. St\u00f6dpersonsverksamheten utf\u00f6rs med hj\u00e4lp av vanliga m\u00e4nniskors f\u00e4rdigheter och st\u00f6ds av den utbildning som erbjuds. Verksamheten \u00e4r f\u00f6rtrolig och st\u00f6dpersonerna har tystnadsplikt. V\u00e5ra tv\u00e5spr\u00e5kiga st\u00f6dpersoner ger samtalsst\u00f6d per telefon. Vi erbjuder nya st\u00f6dpersoner en bra grundutbildning f\u00f6r frivilliguppdraget. Utbildningen f\u00f6rverkligas b\u00e5de p\u00e5 distans och som n\u00e4rundervisning. Ut\u00f6ver grundutbildningen erbjuder vi ocks\u00e5 st\u00f6dpersoner en rad olika fortbildningar, handledning och tr\u00e4ffar med andra st\u00f6dpersoner.<\/p>\n<h2><strong>\u00c4r du intresserad av att bli st\u00f6dperson? Ans\u00f6k till grundutbildningen f\u00f6r st\u00f6dpersoner p\u00e5 landsbygden!<\/strong><\/h2>\n<p>Vi s\u00f6ker tv\u00e5spr\u00e5kiga st\u00f6dpersoner f\u00f6r att ge samtalsst\u00f6d per telefon. F\u00f6rutom svenska \u00e4r kunskaper i finska n\u00f6dv\u00e4ndiga, eftersom utbildningen och St\u00f6dpersonn\u00e4tverkets verksamhet fungerar p\u00e5 finska. N\u00e4sta grundutbildning f\u00f6r nya st\u00f6dpersoner ordnas v\u00e5ren 2024 som en hybridutbildning.<\/p>\n<h3><strong>Varf\u00f6r utbilda sig till st\u00f6dperson?<\/strong><\/h3>\n<ul>\n<li style=\"text-align: left;\"><span lang=\"fi\">du f\u00e5r st\u00f6dja m\u00e4nniskor som bor p\u00e5 landsbygden<\/span><\/li>\n<li style=\"text-align: left;\"><span lang=\"fi\">du f\u00e5r god sinnesst\u00e4mning och k\u00e4nna att du lyckas<\/span><\/li>\n<li style=\"text-align: left;\"><span lang=\"fi\">du f\u00e5r omfattande och kostnadsfri utbildning som du kan ha nytta av \u00e4ven i andra livssituationer<\/span><\/li>\n<li style=\"text-align: left;\"><span lang=\"fi\">du blir en del av st\u00f6dpersonernas gemenskap d\u00e4r du verkligen trivs<\/span><\/li>\n<\/ul>\n<h3><strong>Vad g\u00e5r utbildningen ut p\u00e5?<\/strong><\/h3>\n<p><span lang=\"fi\">Huvudsyftet med utbildningen \u00e4r att ge grundl\u00e4ggande f\u00e4rdigheter f\u00f6r att st\u00f6dja individer i olika livssv\u00e5righeter och i kris- och f\u00f6r\u00e4ndringssituationer.<\/span><\/p>\n<p style=\"text-align: left;\" align=\"center\"><b><span lang=\"fi\">Utbildningens huvudsakliga inneh\u00e5ll:<\/span><\/b><\/p>\n<ul>\n<li style=\"text-align: left;\"><span lang=\"fi\">L\u00e4r k\u00e4nna verksamheten i Landsbygdens st\u00f6dpersonsn\u00e4tverk<\/span><\/li>\n<li style=\"text-align: left;\"><span lang=\"fi\">Frivilligarbetets s\u00e4rdrag och etiska principer<\/span><\/li>\n<li style=\"text-align: left;\"><span lang=\"fi\">Samverkan och m\u00f6ten med m\u00e4nniskor<\/span><\/li>\n<li style=\"text-align: left;\">Olika kriser i livet<\/li>\n<li style=\"text-align: left;\">Den egna f\u00f6rm\u00e5gan att orka<\/li>\n<\/ul>\n<p><strong>Utbildningen ordnas i form av en hybridkurs:<\/strong><\/p>\n<p>Utbildningen omfattar fem distansutbildningstillf\u00e4llen kv\u00e4llstid p\u00e5 tisdagar kl. 17-19\/19.30.<\/p>\n<ul>\n<li>8.10.2025<\/li>\n<li>15.10.2025<\/li>\n<li>22.10.2025<\/li>\n<li>29.10.2025<\/li>\n<li>5.11.2025<\/li>\n<\/ul>\n<p>Utbildningen avslutas med en veckoslutsl\u00e5ng n\u00e4rtr\u00e4ff den 15.-16.11.2025.<\/p>\n<p>Utbildningen \u00e4r\u00a0kostnadsfri f\u00f6r deltagarna.<\/p>\n<h3><strong>Hur kan jag komma med i verksamheten?<\/strong><\/h3>\n<p>Skicka in din ans\u00f6kan till v\u00e5rens utbildning senast den 21.9.2025. Din fritt formulerade ans\u00f6kan skickar du till &#x6d;&#x69;&#x61;&#x2e;&#x6b;&#x61;&#x6c;&#x70;&#x61;&#x40;&#x74;&#x75;&#x6b;&#x69;&#x68;&#x65;&#x6e;&#x6b;&#x69;&#x6c;&#x6f;&#x2e;&#x66;&#x69;.<\/p>\n<p>1. Skriv en fritt formulerade ans\u00f6kan med \u00e5tminstone f\u00f6ljande information om dig sj\u00e4lv:<br \/>\n\u2013 Ditt namn och dina kontaktuppgifter<br \/>\n\u2013 Din utbildning och arbetserfarenhet<br \/>\n\u2013 Varf\u00f6r du \u00e4r intresserad av att bli st\u00f6dperson<br \/>\n\u2013 Eventuell erfarenhet av frivilligarbete<br \/>\n2. Skicka ans\u00f6kan per e-post till adressen <em>&#109;&#x69;&#97;&#x2e;&#107;&#x61;&#108;&#x70;&#97;&#x40;&#116;&#x75;&#107;&#x69;&#104;&#x65;&#110;&#x6b;&#105;&#x6c;&#111;&#x2e;&#102;&#x69;<\/em><br \/>\n3. Vi tar kontakt med dig och kommer \u00f6verens om en intervju.<br \/>\n4. I samband med intervjun ger vi besked om n\u00e4r besluten om de personer som v\u00e4ljs ut f\u00f6r utbildning kommer att fattas.<br \/>\n5. Med dem som med godk\u00e4nt resultat har slutf\u00f6rt utbildningen g\u00f6r vi en skriftlig f\u00f6rbindelse om att fungera som st\u00f6dperson.<\/p>\n<p>I v\u00e5rt team har vi v\u00e4ldigt trevligt, s\u00e5 kom med i verksamheten du ocks\u00e5. Kontakta oss g\u00e4rna, vi ber\u00e4ttar g\u00e4rna mera! <em>&#x6d;&#105;&#97;&#46;&#x6b;&#x61;&#108;p&#x61;&#x40;&#116;u&#x6b;&#x69;&#104;e&#x6e;&#x6b;&#105;l&#x6f;&#x2e;&#102;i<\/em> eller 0400 789 481<\/p>\n<p>&nbsp;<\/p>\n","protected":false},"excerpt":{"rendered":"<p>K\u00e4nner du till levnadsf\u00f6rh\u00e5llandena p\u00e5 landsbygden? \u00c4r du intresserad av att ge sj\u00e4lsligt st\u00f6d? Vill du verka som frivillig f\u00f6ljeslagare i vardagens p\u00e5frestningar och i olika krissituationer i livet? Du befinner dig v\u00e4l inte sj\u00e4lv i en akut kris? Om du svarade ja, kan du vara den person vi letar efter! Vi erbjuder dig m\u00f6jlighet [&hellip;]<\/p>\n","protected":false},"author":9,"featured_media":2866,"parent":0,"menu_order":0,"comment_status":"closed","ping_status":"closed","template":"","meta":{"_genesis_hide_title":false,"_genesis_hide_breadcrumbs":false,"_genesis_hide_singular_image":false,"_genesis_hide_footer_widgets":false,"_genesis_custom_body_class":"","_genesis_custom_post_class":"","_genesis_layout":"","_mc_calendar":[],"footnotes":""},"class_list":{"0":"post-3159","1":"page","2":"type-page","3":"status-publish","4":"has-post-thumbnail","6":"entry"},"yoast_head":"<!-- This site is optimized with the Yoast SEO plugin v27.3 - https:\/\/yoast.com\/product\/yoast-seo-wordpress\/ -->\n<title>Kom med som frivillig - Maaseudun tukihenkil\u00f6verkko<\/title>\n<meta name=\"description\" content=\"K\u00e4nner du till levnadsf\u00f6rh\u00e5llandena p\u00e5 landsbygden? \u00c4r du intresserad av att ge sj\u00e4lsligt st\u00f6d? Vill du verka som frivillig f\u00f6ljeslagare i vardagens p\u00e5frestningar och i olika krissituationer i livet?\" \/>\n<meta name=\"robots\" content=\"index, follow, max-snippet:-1, max-image-preview:large, max-video-preview:-1\" \/>\n<link rel=\"canonical\" href=\"https:\/\/tukihenkilo.fi\/sv\/kom-med-som-frivillig\/\" \/>\n<meta property=\"og:locale\" content=\"sv_SE\" \/>\n<meta property=\"og:type\" content=\"article\" \/>\n<meta property=\"og:title\" content=\"Kom med som frivillig - Maaseudun tukihenkil\u00f6verkko\" \/>\n<meta property=\"og:description\" content=\"K\u00e4nner du till levnadsf\u00f6rh\u00e5llandena p\u00e5 landsbygden? \u00c4r du intresserad av att ge sj\u00e4lsligt st\u00f6d? Vill du verka som frivillig f\u00f6ljeslagare i vardagens p\u00e5frestningar och i olika krissituationer i livet?\" \/>\n<meta property=\"og:url\" content=\"https:\/\/tukihenkilo.fi\/sv\/kom-med-som-frivillig\/\" \/>\n<meta property=\"og:site_name\" content=\"Maaseudun tukihenkil\u00f6verkko\" \/>\n<meta property=\"article:modified_time\" content=\"2025-09-12T10:15:21+00:00\" \/>\n<meta property=\"og:image\" content=\"https:\/\/tukihenkilo.fi\/wp-content\/uploads\/MTLH_tukihenkilo_31052023-133-1-2-scaled.jpg\" \/>\n\t<meta property=\"og:image:width\" content=\"2560\" \/>\n\t<meta property=\"og:image:height\" content=\"1707\" \/>\n\t<meta property=\"og:image:type\" content=\"image\/jpeg\" \/>\n<meta name=\"twitter:card\" content=\"summary_large_image\" \/>\n<meta name=\"twitter:label1\" content=\"Ber\u00e4knad l\u00e4stid\" \/>\n\t<meta name=\"twitter:data1\" content=\"4 minuter\" \/>\n<script type=\"application\/ld+json\" class=\"yoast-schema-graph\">{\"@context\":\"https:\\\/\\\/schema.org\",\"@graph\":[{\"@type\":\"WebPage\",\"@id\":\"https:\\\/\\\/tukihenkilo.fi\\\/sv\\\/kom-med-som-frivillig\\\/\",\"url\":\"https:\\\/\\\/tukihenkilo.fi\\\/sv\\\/kom-med-som-frivillig\\\/\",\"name\":\"Kom med som frivillig - Maaseudun tukihenkil\u00f6verkko\",\"isPartOf\":{\"@id\":\"https:\\\/\\\/tukihenkilo.fi\\\/#website\"},\"primaryImageOfPage\":{\"@id\":\"https:\\\/\\\/tukihenkilo.fi\\\/sv\\\/kom-med-som-frivillig\\\/#primaryimage\"},\"image\":{\"@id\":\"https:\\\/\\\/tukihenkilo.fi\\\/sv\\\/kom-med-som-frivillig\\\/#primaryimage\"},\"thumbnailUrl\":\"https:\\\/\\\/tukihenkilo.fi\\\/wp-content\\\/uploads\\\/MTLH_tukihenkilo_31052023-133-1-2-scaled.jpg\",\"datePublished\":\"2024-01-17T13:10:38+00:00\",\"dateModified\":\"2025-09-12T10:15:21+00:00\",\"description\":\"K\u00e4nner du till levnadsf\u00f6rh\u00e5llandena p\u00e5 landsbygden? \u00c4r du intresserad av att ge sj\u00e4lsligt st\u00f6d? Vill du verka som frivillig f\u00f6ljeslagare i vardagens p\u00e5frestningar och i olika krissituationer i livet?\",\"breadcrumb\":{\"@id\":\"https:\\\/\\\/tukihenkilo.fi\\\/sv\\\/kom-med-som-frivillig\\\/#breadcrumb\"},\"inLanguage\":\"sv-SE\",\"potentialAction\":[{\"@type\":\"ReadAction\",\"target\":[\"https:\\\/\\\/tukihenkilo.fi\\\/sv\\\/kom-med-som-frivillig\\\/\"]}]},{\"@type\":\"ImageObject\",\"inLanguage\":\"sv-SE\",\"@id\":\"https:\\\/\\\/tukihenkilo.fi\\\/sv\\\/kom-med-som-frivillig\\\/#primaryimage\",\"url\":\"https:\\\/\\\/tukihenkilo.fi\\\/wp-content\\\/uploads\\\/MTLH_tukihenkilo_31052023-133-1-2-scaled.jpg\",\"contentUrl\":\"https:\\\/\\\/tukihenkilo.fi\\\/wp-content\\\/uploads\\\/MTLH_tukihenkilo_31052023-133-1-2-scaled.jpg\",\"width\":2560,\"height\":1707,\"caption\":\"Kolme ihmist\u00e4 seisovat ladon edess\u00e4 ja katsovat kameraan ty\u00f6vaatteet p\u00e4\u00e4ll\u00e4\u00e4n. Keskell\u00e4 edess\u00e4 nuori mies nojailee lapioon ja sivuilla mies ja nainen hymyilev\u00e4t.\"},{\"@type\":\"BreadcrumbList\",\"@id\":\"https:\\\/\\\/tukihenkilo.fi\\\/sv\\\/kom-med-som-frivillig\\\/#breadcrumb\",\"itemListElement\":[{\"@type\":\"ListItem\",\"position\":1,\"name\":\"Home\",\"item\":\"https:\\\/\\\/tukihenkilo.fi\\\/sv\\\/\"},{\"@type\":\"ListItem\",\"position\":2,\"name\":\"Kom med som frivillig\"}]},{\"@type\":\"WebSite\",\"@id\":\"https:\\\/\\\/tukihenkilo.fi\\\/#website\",\"url\":\"https:\\\/\\\/tukihenkilo.fi\\\/\",\"name\":\"Maaseudun tukihenkil\u00f6verkko\",\"description\":\"Maaseudun tukihenkil\u00f6verkko on vapaaehtoisty\u00f6h\u00f6n perustuva auttamisverkosto, joka tarjoaa keskusteluapua kaikille maaseudun asukkaille toimialasta riippumatta.\",\"potentialAction\":[{\"@type\":\"SearchAction\",\"target\":{\"@type\":\"EntryPoint\",\"urlTemplate\":\"https:\\\/\\\/tukihenkilo.fi\\\/?s={search_term_string}\"},\"query-input\":{\"@type\":\"PropertyValueSpecification\",\"valueRequired\":true,\"valueName\":\"search_term_string\"}}],\"inLanguage\":\"sv-SE\"}]}<\/script>\n<!-- \/ Yoast SEO plugin. -->","yoast_head_json":{"title":"Kom med som frivillig - Maaseudun tukihenkil\u00f6verkko","description":"K\u00e4nner du till levnadsf\u00f6rh\u00e5llandena p\u00e5 landsbygden? \u00c4r du intresserad av att ge sj\u00e4lsligt st\u00f6d? Vill du verka som frivillig f\u00f6ljeslagare i vardagens p\u00e5frestningar och i olika krissituationer i livet?","robots":{"index":"index","follow":"follow","max-snippet":"max-snippet:-1","max-image-preview":"max-image-preview:large","max-video-preview":"max-video-preview:-1"},"canonical":"https:\/\/tukihenkilo.fi\/sv\/kom-med-som-frivillig\/","og_locale":"sv_SE","og_type":"article","og_title":"Kom med som frivillig - Maaseudun tukihenkil\u00f6verkko","og_description":"K\u00e4nner du till levnadsf\u00f6rh\u00e5llandena p\u00e5 landsbygden? \u00c4r du intresserad av att ge sj\u00e4lsligt st\u00f6d? Vill du verka som frivillig f\u00f6ljeslagare i vardagens p\u00e5frestningar och i olika krissituationer i livet?","og_url":"https:\/\/tukihenkilo.fi\/sv\/kom-med-som-frivillig\/","og_site_name":"Maaseudun tukihenkil\u00f6verkko","article_modified_time":"2025-09-12T10:15:21+00:00","og_image":[{"width":2560,"height":1707,"url":"https:\/\/tukihenkilo.fi\/wp-content\/uploads\/MTLH_tukihenkilo_31052023-133-1-2-scaled.jpg","type":"image\/jpeg"}],"twitter_card":"summary_large_image","twitter_misc":{"Ber\u00e4knad l\u00e4stid":"4 minuter"},"schema":{"@context":"https:\/\/schema.org","@graph":[{"@type":"WebPage","@id":"https:\/\/tukihenkilo.fi\/sv\/kom-med-som-frivillig\/","url":"https:\/\/tukihenkilo.fi\/sv\/kom-med-som-frivillig\/","name":"Kom med som frivillig - Maaseudun tukihenkil\u00f6verkko","isPartOf":{"@id":"https:\/\/tukihenkilo.fi\/#website"},"primaryImageOfPage":{"@id":"https:\/\/tukihenkilo.fi\/sv\/kom-med-som-frivillig\/#primaryimage"},"image":{"@id":"https:\/\/tukihenkilo.fi\/sv\/kom-med-som-frivillig\/#primaryimage"},"thumbnailUrl":"https:\/\/tukihenkilo.fi\/wp-content\/uploads\/MTLH_tukihenkilo_31052023-133-1-2-scaled.jpg","datePublished":"2024-01-17T13:10:38+00:00","dateModified":"2025-09-12T10:15:21+00:00","description":"K\u00e4nner du till levnadsf\u00f6rh\u00e5llandena p\u00e5 landsbygden? \u00c4r du intresserad av att ge sj\u00e4lsligt st\u00f6d? Vill du verka som frivillig f\u00f6ljeslagare i vardagens p\u00e5frestningar och i olika krissituationer i livet?","breadcrumb":{"@id":"https:\/\/tukihenkilo.fi\/sv\/kom-med-som-frivillig\/#breadcrumb"},"inLanguage":"sv-SE","potentialAction":[{"@type":"ReadAction","target":["https:\/\/tukihenkilo.fi\/sv\/kom-med-som-frivillig\/"]}]},{"@type":"ImageObject","inLanguage":"sv-SE","@id":"https:\/\/tukihenkilo.fi\/sv\/kom-med-som-frivillig\/#primaryimage","url":"https:\/\/tukihenkilo.fi\/wp-content\/uploads\/MTLH_tukihenkilo_31052023-133-1-2-scaled.jpg","contentUrl":"https:\/\/tukihenkilo.fi\/wp-content\/uploads\/MTLH_tukihenkilo_31052023-133-1-2-scaled.jpg","width":2560,"height":1707,"caption":"Kolme ihmist\u00e4 seisovat ladon edess\u00e4 ja katsovat kameraan ty\u00f6vaatteet p\u00e4\u00e4ll\u00e4\u00e4n. Keskell\u00e4 edess\u00e4 nuori mies nojailee lapioon ja sivuilla mies ja nainen hymyilev\u00e4t."},{"@type":"BreadcrumbList","@id":"https:\/\/tukihenkilo.fi\/sv\/kom-med-som-frivillig\/#breadcrumb","itemListElement":[{"@type":"ListItem","position":1,"name":"Home","item":"https:\/\/tukihenkilo.fi\/sv\/"},{"@type":"ListItem","position":2,"name":"Kom med som frivillig"}]},{"@type":"WebSite","@id":"https:\/\/tukihenkilo.fi\/#website","url":"https:\/\/tukihenkilo.fi\/","name":"Maaseudun tukihenkil\u00f6verkko","description":"Maaseudun tukihenkil\u00f6verkko on vapaaehtoisty\u00f6h\u00f6n perustuva auttamisverkosto, joka tarjoaa keskusteluapua kaikille maaseudun asukkaille toimialasta riippumatta.","potentialAction":[{"@type":"SearchAction","target":{"@type":"EntryPoint","urlTemplate":"https:\/\/tukihenkilo.fi\/?s={search_term_string}"},"query-input":{"@type":"PropertyValueSpecification","valueRequired":true,"valueName":"search_term_string"}}],"inLanguage":"sv-SE"}]}},"publishpress_future_action":{"enabled":false,"date":"2026-04-20 00:43:10","action":"change-status","newStatus":"draft","terms":[],"taxonomy":"translation_priority","extraData":[]},"publishpress_future_workflow_manual_trigger":{"enabledWorkflows":[]},"_links":{"self":[{"href":"https:\/\/tukihenkilo.fi\/sv\/wp-json\/wp\/v2\/pages\/3159","targetHints":{"allow":["GET"]}}],"collection":[{"href":"https:\/\/tukihenkilo.fi\/sv\/wp-json\/wp\/v2\/pages"}],"about":[{"href":"https:\/\/tukihenkilo.fi\/sv\/wp-json\/wp\/v2\/types\/page"}],"author":[{"embeddable":true,"href":"https:\/\/tukihenkilo.fi\/sv\/wp-json\/wp\/v2\/users\/9"}],"replies":[{"embeddable":true,"href":"https:\/\/tukihenkilo.fi\/sv\/wp-json\/wp\/v2\/comments?post=3159"}],"version-history":[{"count":5,"href":"https:\/\/tukihenkilo.fi\/sv\/wp-json\/wp\/v2\/pages\/3159\/revisions"}],"predecessor-version":[{"id":4161,"href":"https:\/\/tukihenkilo.fi\/sv\/wp-json\/wp\/v2\/pages\/3159\/revisions\/4161"}],"wp:featuredmedia":[{"embeddable":true,"href":"https:\/\/tukihenkilo.fi\/sv\/wp-json\/wp\/v2\/media\/2866"}],"wp:attachment":[{"href":"https:\/\/tukihenkilo.fi\/sv\/wp-json\/wp\/v2\/media?parent=3159"}],"curies":[{"name":"wp","href":"https:\/\/api.w.org\/{rel}","templated":true}]}}