{"id":498,"date":"2018-02-23T21:18:13","date_gmt":"2018-02-23T19:18:13","guid":{"rendered":"https:\/\/tukihenkilo.fi\/?page_id=498"},"modified":"2025-02-13T14:38:03","modified_gmt":"2025-02-13T12:38:03","slug":"hitta-en-stodperson","status":"publish","type":"page","link":"https:\/\/tukihenkilo.fi\/sv\/hitta-en-stodperson\/","title":{"rendered":"St\u00f6d per telefon"},"content":{"rendered":"<p>Du kan kontakta st\u00f6dpersonerna i Landsbygdens st\u00f6dpersonsn\u00e4tverk i olika livssituationer. Du kan ringa direkt till st\u00f6dpersonen eller skicka ett textmeddelande f\u00f6rst. Oavsett om dina bekymmer \u00e4r stora eller sm\u00e5 \u00e4r du v\u00e4lkommen att ta kontakt. Att bara f\u00e5 tala med n\u00e5gon \u00e4r i sig en bra anledning att ta kontakt.<\/p>\n<p>&nbsp;<\/p>\n<div>\n<h3><strong>Henrik\u00a0<\/strong><\/h3>\n<p>F\u00f6delse\u00e5r: &#8211;<br \/>\nLandskap: Nyland<br \/>\nTel: 0400 310 220<\/p>\n<p>Jag\u00a0\u00e4r en jordbrukare fr\u00e5n Sibbo som bor med min hustru p\u00e5 v\u00e5r g\u00e5rd. Jag diskuterar g\u00e4rna olika fr\u00e5gor och lyssnar p\u00e5 andra m\u00e4nniskors problem. Till mig kan du ringa n\u00e4r som helst.<\/p>\n<p>&nbsp;<\/p>\n<h3><strong>Mats<\/strong><\/h3>\n<p>F\u00f6delse\u00e5r: 1956<br \/>\nLandskap: \u00d6sterbotten<br \/>\nTel: 0400 788 890<\/p>\n<div class=\"entry-content\">\n<div id=\"wpbdp-search-page\" class=\"wpbdp-search-page businessdirectory-search businessdirectory wpbdp-page \">\n<div class=\"search-results\">\n<div id=\"wpbdp-listings-list\" class=\"listings wpbdp-listings-list list wpbdp-grid \">\n<div id=\"wpbdp-listing-848\" class=\"wpbdp-listing-848 wpbdp-listing excerpt wpbdp-excerpt wpbdp-listing-excerpt wpbdp-listing-plan-id-2 wpbdp-listing-plan-free_listing wpbdp-listing-category-id-29 even wpbdp-listing-excerpt-large\" data-breakpoints=\"{&quot;medium&quot;: [560,780], &quot;large&quot;: [780,999999]}\" data-breakpoints-class-prefix=\"wpbdp-listing-excerpt\">\n<div class=\"excerpt-content wpbdp-hide-title\">\n<div class=\"listing-details wpbdp-no-thumb\">\n<div class=\"wpbdp-field-display wpbdp-field wpbdp-field-value field-display field-value wpbdp-field-info wpbdp-field-content wpbdp-field-type-textarea wpbdp-field-association-content \">\n<div class=\"value\">\n<p>Jag \u00e4r en f.d. jordbrukare som hj\u00e4lper till p\u00e5 g\u00e5rden, k\u00e4nner till jobb med djurh\u00e5llning och odling. Jag diskuterar g\u00e4rna olika fr\u00e5gor, till mig kan ni ringa.<\/p>\n<p>&nbsp;<\/p>\n<\/div>\n<\/div>\n<\/div>\n<\/div>\n<\/div>\n<\/div>\n<\/div>\n<\/div>\n<\/div>\n<h3><strong>Anne-Maj\u00a0<\/strong><\/h3>\n<p>F\u00f6delse\u00e5r: 1957<br \/>\nLandskap: \u00d6sterbotten<br \/>\nTel: 0400 259 326<\/p>\n<p>Jag \u00e4r en pensionerad sjuksk\u00f6tare. Bor p\u00e5 landsbydgen, har familj med 4 barn och deras familjer. Till mig kan ni ringa och diskutera olika problem.<\/p>\n<p>&nbsp;<\/p>\n<\/div>\n<h3><strong>Mari<\/strong><\/h3>\n<p>F\u00f6delse\u00e5r: <span class=\"ui-provider a b c d e f g h i j k l m n o p q r s t u v w x y z ab ac ae af ag ah ai aj ak\" dir=\"ltr\">1978<\/span><br \/>\nLandskap: \u00d6sterbotten<br \/>\nTel: <span class=\"ui-provider a b c d e f g h i j k l m n o p q r s t u v w x y z ab ac ae af ag ah ai aj ak\" dir=\"ltr\">040 719 6280<\/span><br \/>\nEmail: m<span class=\"ui-provider a b c d e f g h i j k l m n o p q r s t u v w x y z ab ac ae af ag ah ai aj ak\" dir=\"ltr\">ar&#105;&#46;&#98;&#x6a;&#x6f;&#x72;&#x6b;na&#115;&#64;&#104;&#x6f;&#x74;&#x6d;&#x61;il&#46;&#102;&#105;<\/span><\/p>\n<p><span class=\"ui-provider a b c d e f g h i j k l m n o p q r s t u v w x y z ab ac ae af ag ah ai aj ak\" dir=\"ltr\">Jag \u00e4r en lantbruksf\u00f6retagare och mamma till tre barn. Jag arbetar ocks\u00e5 som en fysioterapeut. V\u00e4lm\u00e5ende har blivit ett viktigt tema till mig p\u00e5 &#8221;\u00e4ldre dagar.&#8221; Jag skulle v\u00e4ldigt g\u00e4rna h\u00f6ra av dig. Du kan kontakta mig via telefon, sms, WhatsApp och e-post. <\/span><\/p>\n<p>&nbsp;<\/p>\n<h3><strong>Petra\u00a0<\/strong><\/h3>\n<p>F\u00f6delse\u00e5r: 1971<br \/>\nLandskap: Karis<br \/>\nTel: <span class=\"ui-provider a b c d e f g h i j k l m n o p q r s t u v w x y z ab ac ae af ag ah ai aj ak\" dir=\"ltr\">040 708 7371<\/span><br \/>\nEmail: &#112;&#x65;t&#114;&#x61;_&#116;&#x72;o&#98;&#x65;r&#103;&#x40;&#121;&#x61;&#x68;&#111;&#x6f;&#x2e;&#99;&#x6f;m<\/p>\n<p><span class=\"ui-provider a b c d e f g h i j k l m n o p q r s t u v w x y z ab ac ae af ag ah ai aj ak\" dir=\"ltr\">Jag \u00e4r skogsbrukare p\u00e5 deltid och har mitt huvudsakliga arbete i finansbranschen. Jag har bott p\u00e5 landet hela mitt liv och k\u00e4nner bra till lantbruksf\u00f6retagarnas vardag. P\u00e5 fritiden \u00e4r jag g\u00e4rna ute i naturen, sysslar med byggnadsv\u00e5rd eller tar en sv\u00e4ng p\u00e5 motorcykeln. Du kan kontakta mig via telefon, sms, WhatsApp och e-post. Jag kan ocks\u00e5 tr\u00e4ffas ansikte mot ansikte vid behov om vi bor p\u00e5 l\u00e4mpligt avst\u00e5nd fr\u00e5n varandra.\u00a0<\/span><\/p>\n","protected":false},"excerpt":{"rendered":"<p>Du kan kontakta st\u00f6dpersonerna i Landsbygdens st\u00f6dpersonsn\u00e4tverk i olika livssituationer. Du kan ringa direkt till st\u00f6dpersonen eller skicka ett textmeddelande f\u00f6rst. Oavsett om dina bekymmer \u00e4r stora eller sm\u00e5 \u00e4r du v\u00e4lkommen att ta kontakt. Att bara f\u00e5 tala med n\u00e5gon \u00e4r i sig en bra anledning att ta kontakt. &nbsp; Henrik\u00a0 F\u00f6delse\u00e5r: &#8211; Landskap: [&hellip;]<\/p>\n","protected":false},"author":15,"featured_media":2862,"parent":0,"menu_order":30,"comment_status":"closed","ping_status":"closed","template":"","meta":{"_genesis_hide_title":false,"_genesis_hide_breadcrumbs":false,"_genesis_hide_singular_image":false,"_genesis_hide_footer_widgets":false,"_genesis_custom_body_class":"","_genesis_custom_post_class":"","_genesis_layout":"full-width-content","_mc_calendar":[],"footnotes":""},"class_list":{"0":"post-498","1":"page","2":"type-page","3":"status-publish","4":"has-post-thumbnail","6":"entry"},"yoast_head":"<!-- This site is optimized with the Yoast SEO plugin v27.3 - https:\/\/yoast.com\/product\/yoast-seo-wordpress\/ -->\n<title>St\u00f6d per telefon - Maaseudun tukihenkil\u00f6verkko<\/title>\n<meta name=\"robots\" content=\"index, follow, max-snippet:-1, max-image-preview:large, max-video-preview:-1\" \/>\n<link rel=\"canonical\" href=\"https:\/\/tukihenkilo.fi\/sv\/hitta-en-stodperson\/\" \/>\n<meta property=\"og:locale\" content=\"sv_SE\" \/>\n<meta property=\"og:type\" content=\"article\" \/>\n<meta property=\"og:title\" content=\"St\u00f6d per telefon - Maaseudun tukihenkil\u00f6verkko\" \/>\n<meta property=\"og:description\" content=\"Du kan kontakta st\u00f6dpersonerna i Landsbygdens st\u00f6dpersonsn\u00e4tverk i olika livssituationer. Du kan ringa direkt till st\u00f6dpersonen eller skicka ett textmeddelande f\u00f6rst. Oavsett om dina bekymmer \u00e4r stora eller sm\u00e5 \u00e4r du v\u00e4lkommen att ta kontakt. Att bara f\u00e5 tala med n\u00e5gon \u00e4r i sig en bra anledning att ta kontakt. &nbsp; Henrik\u00a0 F\u00f6delse\u00e5r: &#8211; Landskap: [&hellip;]\" \/>\n<meta property=\"og:url\" content=\"https:\/\/tukihenkilo.fi\/sv\/hitta-en-stodperson\/\" \/>\n<meta property=\"og:site_name\" content=\"Maaseudun tukihenkil\u00f6verkko\" \/>\n<meta property=\"article:modified_time\" content=\"2025-02-13T12:38:03+00:00\" \/>\n<meta property=\"og:image\" content=\"https:\/\/tukihenkilo.fi\/wp-content\/uploads\/MTLH_tukihenkilo_31052023-67-1-scaled.jpg\" \/>\n\t<meta property=\"og:image:width\" content=\"2560\" \/>\n\t<meta property=\"og:image:height\" content=\"1707\" \/>\n\t<meta property=\"og:image:type\" content=\"image\/jpeg\" \/>\n<meta name=\"twitter:card\" content=\"summary_large_image\" \/>\n<meta name=\"twitter:label1\" content=\"Ber\u00e4knad l\u00e4stid\" \/>\n\t<meta name=\"twitter:data1\" content=\"3 minuter\" \/>\n<script type=\"application\/ld+json\" class=\"yoast-schema-graph\">{\"@context\":\"https:\\\/\\\/schema.org\",\"@graph\":[{\"@type\":\"WebPage\",\"@id\":\"https:\\\/\\\/tukihenkilo.fi\\\/sv\\\/hitta-en-stodperson\\\/\",\"url\":\"https:\\\/\\\/tukihenkilo.fi\\\/sv\\\/hitta-en-stodperson\\\/\",\"name\":\"St\u00f6d per telefon - Maaseudun tukihenkil\u00f6verkko\",\"isPartOf\":{\"@id\":\"https:\\\/\\\/tukihenkilo.fi\\\/#website\"},\"primaryImageOfPage\":{\"@id\":\"https:\\\/\\\/tukihenkilo.fi\\\/sv\\\/hitta-en-stodperson\\\/#primaryimage\"},\"image\":{\"@id\":\"https:\\\/\\\/tukihenkilo.fi\\\/sv\\\/hitta-en-stodperson\\\/#primaryimage\"},\"thumbnailUrl\":\"https:\\\/\\\/tukihenkilo.fi\\\/wp-content\\\/uploads\\\/MTLH_tukihenkilo_31052023-67-1-scaled.jpg\",\"datePublished\":\"2018-02-23T19:18:13+00:00\",\"dateModified\":\"2025-02-13T12:38:03+00:00\",\"breadcrumb\":{\"@id\":\"https:\\\/\\\/tukihenkilo.fi\\\/sv\\\/hitta-en-stodperson\\\/#breadcrumb\"},\"inLanguage\":\"sv-SE\",\"potentialAction\":[{\"@type\":\"ReadAction\",\"target\":[\"https:\\\/\\\/tukihenkilo.fi\\\/sv\\\/hitta-en-stodperson\\\/\"]}]},{\"@type\":\"ImageObject\",\"inLanguage\":\"sv-SE\",\"@id\":\"https:\\\/\\\/tukihenkilo.fi\\\/sv\\\/hitta-en-stodperson\\\/#primaryimage\",\"url\":\"https:\\\/\\\/tukihenkilo.fi\\\/wp-content\\\/uploads\\\/MTLH_tukihenkilo_31052023-67-1-scaled.jpg\",\"contentUrl\":\"https:\\\/\\\/tukihenkilo.fi\\\/wp-content\\\/uploads\\\/MTLH_tukihenkilo_31052023-67-1-scaled.jpg\",\"width\":2560,\"height\":1707,\"caption\":\"Ik\u00e4\u00e4ntyneempi mies istuu ja nojailee p\u00f6yt\u00e4\u00e4n puhelin korvallaan.\"},{\"@type\":\"BreadcrumbList\",\"@id\":\"https:\\\/\\\/tukihenkilo.fi\\\/sv\\\/hitta-en-stodperson\\\/#breadcrumb\",\"itemListElement\":[{\"@type\":\"ListItem\",\"position\":1,\"name\":\"Home\",\"item\":\"https:\\\/\\\/tukihenkilo.fi\\\/sv\\\/\"},{\"@type\":\"ListItem\",\"position\":2,\"name\":\"St\u00f6d per telefon\"}]},{\"@type\":\"WebSite\",\"@id\":\"https:\\\/\\\/tukihenkilo.fi\\\/#website\",\"url\":\"https:\\\/\\\/tukihenkilo.fi\\\/\",\"name\":\"Maaseudun tukihenkil\u00f6verkko\",\"description\":\"Maaseudun tukihenkil\u00f6verkko on vapaaehtoisty\u00f6h\u00f6n perustuva auttamisverkosto, joka tarjoaa keskusteluapua kaikille maaseudun asukkaille toimialasta riippumatta.\",\"potentialAction\":[{\"@type\":\"SearchAction\",\"target\":{\"@type\":\"EntryPoint\",\"urlTemplate\":\"https:\\\/\\\/tukihenkilo.fi\\\/?s={search_term_string}\"},\"query-input\":{\"@type\":\"PropertyValueSpecification\",\"valueRequired\":true,\"valueName\":\"search_term_string\"}}],\"inLanguage\":\"sv-SE\"}]}<\/script>\n<!-- \/ Yoast SEO plugin. -->","yoast_head_json":{"title":"St\u00f6d per telefon - Maaseudun tukihenkil\u00f6verkko","robots":{"index":"index","follow":"follow","max-snippet":"max-snippet:-1","max-image-preview":"max-image-preview:large","max-video-preview":"max-video-preview:-1"},"canonical":"https:\/\/tukihenkilo.fi\/sv\/hitta-en-stodperson\/","og_locale":"sv_SE","og_type":"article","og_title":"St\u00f6d per telefon - Maaseudun tukihenkil\u00f6verkko","og_description":"Du kan kontakta st\u00f6dpersonerna i Landsbygdens st\u00f6dpersonsn\u00e4tverk i olika livssituationer. Du kan ringa direkt till st\u00f6dpersonen eller skicka ett textmeddelande f\u00f6rst. Oavsett om dina bekymmer \u00e4r stora eller sm\u00e5 \u00e4r du v\u00e4lkommen att ta kontakt. Att bara f\u00e5 tala med n\u00e5gon \u00e4r i sig en bra anledning att ta kontakt. &nbsp; Henrik\u00a0 F\u00f6delse\u00e5r: &#8211; Landskap: [&hellip;]","og_url":"https:\/\/tukihenkilo.fi\/sv\/hitta-en-stodperson\/","og_site_name":"Maaseudun tukihenkil\u00f6verkko","article_modified_time":"2025-02-13T12:38:03+00:00","og_image":[{"width":2560,"height":1707,"url":"https:\/\/tukihenkilo.fi\/wp-content\/uploads\/MTLH_tukihenkilo_31052023-67-1-scaled.jpg","type":"image\/jpeg"}],"twitter_card":"summary_large_image","twitter_misc":{"Ber\u00e4knad l\u00e4stid":"3 minuter"},"schema":{"@context":"https:\/\/schema.org","@graph":[{"@type":"WebPage","@id":"https:\/\/tukihenkilo.fi\/sv\/hitta-en-stodperson\/","url":"https:\/\/tukihenkilo.fi\/sv\/hitta-en-stodperson\/","name":"St\u00f6d per telefon - Maaseudun tukihenkil\u00f6verkko","isPartOf":{"@id":"https:\/\/tukihenkilo.fi\/#website"},"primaryImageOfPage":{"@id":"https:\/\/tukihenkilo.fi\/sv\/hitta-en-stodperson\/#primaryimage"},"image":{"@id":"https:\/\/tukihenkilo.fi\/sv\/hitta-en-stodperson\/#primaryimage"},"thumbnailUrl":"https:\/\/tukihenkilo.fi\/wp-content\/uploads\/MTLH_tukihenkilo_31052023-67-1-scaled.jpg","datePublished":"2018-02-23T19:18:13+00:00","dateModified":"2025-02-13T12:38:03+00:00","breadcrumb":{"@id":"https:\/\/tukihenkilo.fi\/sv\/hitta-en-stodperson\/#breadcrumb"},"inLanguage":"sv-SE","potentialAction":[{"@type":"ReadAction","target":["https:\/\/tukihenkilo.fi\/sv\/hitta-en-stodperson\/"]}]},{"@type":"ImageObject","inLanguage":"sv-SE","@id":"https:\/\/tukihenkilo.fi\/sv\/hitta-en-stodperson\/#primaryimage","url":"https:\/\/tukihenkilo.fi\/wp-content\/uploads\/MTLH_tukihenkilo_31052023-67-1-scaled.jpg","contentUrl":"https:\/\/tukihenkilo.fi\/wp-content\/uploads\/MTLH_tukihenkilo_31052023-67-1-scaled.jpg","width":2560,"height":1707,"caption":"Ik\u00e4\u00e4ntyneempi mies istuu ja nojailee p\u00f6yt\u00e4\u00e4n puhelin korvallaan."},{"@type":"BreadcrumbList","@id":"https:\/\/tukihenkilo.fi\/sv\/hitta-en-stodperson\/#breadcrumb","itemListElement":[{"@type":"ListItem","position":1,"name":"Home","item":"https:\/\/tukihenkilo.fi\/sv\/"},{"@type":"ListItem","position":2,"name":"St\u00f6d per telefon"}]},{"@type":"WebSite","@id":"https:\/\/tukihenkilo.fi\/#website","url":"https:\/\/tukihenkilo.fi\/","name":"Maaseudun tukihenkil\u00f6verkko","description":"Maaseudun tukihenkil\u00f6verkko on vapaaehtoisty\u00f6h\u00f6n perustuva auttamisverkosto, joka tarjoaa keskusteluapua kaikille maaseudun asukkaille toimialasta riippumatta.","potentialAction":[{"@type":"SearchAction","target":{"@type":"EntryPoint","urlTemplate":"https:\/\/tukihenkilo.fi\/?s={search_term_string}"},"query-input":{"@type":"PropertyValueSpecification","valueRequired":true,"valueName":"search_term_string"}}],"inLanguage":"sv-SE"}]}},"publishpress_future_action":{"enabled":false,"date":"2026-04-19 23:30:06","action":"change-status","newStatus":"draft","terms":[],"taxonomy":"translation_priority","extraData":[]},"publishpress_future_workflow_manual_trigger":{"enabledWorkflows":[]},"_links":{"self":[{"href":"https:\/\/tukihenkilo.fi\/sv\/wp-json\/wp\/v2\/pages\/498","targetHints":{"allow":["GET"]}}],"collection":[{"href":"https:\/\/tukihenkilo.fi\/sv\/wp-json\/wp\/v2\/pages"}],"about":[{"href":"https:\/\/tukihenkilo.fi\/sv\/wp-json\/wp\/v2\/types\/page"}],"author":[{"embeddable":true,"href":"https:\/\/tukihenkilo.fi\/sv\/wp-json\/wp\/v2\/users\/15"}],"replies":[{"embeddable":true,"href":"https:\/\/tukihenkilo.fi\/sv\/wp-json\/wp\/v2\/comments?post=498"}],"version-history":[{"count":12,"href":"https:\/\/tukihenkilo.fi\/sv\/wp-json\/wp\/v2\/pages\/498\/revisions"}],"predecessor-version":[{"id":3795,"href":"https:\/\/tukihenkilo.fi\/sv\/wp-json\/wp\/v2\/pages\/498\/revisions\/3795"}],"wp:featuredmedia":[{"embeddable":true,"href":"https:\/\/tukihenkilo.fi\/sv\/wp-json\/wp\/v2\/media\/2862"}],"wp:attachment":[{"href":"https:\/\/tukihenkilo.fi\/sv\/wp-json\/wp\/v2\/media?parent=498"}],"curies":[{"name":"wp","href":"https:\/\/api.w.org\/{rel}","templated":true}]}}