{"id":503,"date":"2018-02-23T21:27:19","date_gmt":"2018-02-23T19:27:19","guid":{"rendered":"https:\/\/tukihenkilo.fi\/?page_id=503"},"modified":"2025-09-10T13:48:39","modified_gmt":"2025-09-10T10:48:39","slug":"stodpersonsverksamheten","status":"publish","type":"page","link":"https:\/\/tukihenkilo.fi\/sv\/stodpersonsverksamheten\/","title":{"rendered":"St\u00f6dpersonsverksamheten"},"content":{"rendered":"<p>Landsbygdens st\u00f6dpersonn\u00e4tverk \u00e4r ett rikst\u00e4ckande n\u00e4tverk av 150 utbildade frivillighj\u00e4lpare. Vi hj\u00e4lper m\u00e4nniskor som bor p\u00e5 landsbygden och som beh\u00f6ver hj\u00e4lp och st\u00f6der dem i att klara av livets olika situationer. V\u00e5r verksamhet omfattar telefon- och webbst\u00f6d samt konkret hj\u00e4lp i hemmet i olika skeden av livet. St\u00f6dpersonn\u00e4tverket erbjuder tillf\u00f6rlitligt och kostnadsfritt st\u00f6d utan k\u00f6er.<\/p>\n<p>En st\u00f6dperson \u00e4r en frivilligshj\u00e4lpare som k\u00e4nner till livet p\u00e5 landsbygden, \u00e4r utbildad f\u00f6r uppdraget, \u00e4r n\u00e5gon du kan prata med och som kan hj\u00e4lpa dig att hitta en v\u00e4g ut ur sv\u00e5ra situationer. En st\u00f6drelation handlar om att tv\u00e5 likv\u00e4rdiga personer m\u00f6ts och interagerar. Vid behov hj\u00e4lper st\u00f6dpersonerna dig att s\u00f6ka professionell hj\u00e4lp.<\/p>\n<p>St\u00f6dpersonen f\u00f6rbinder sig att f\u00f6lja de etiska principerna f\u00f6r st\u00f6darbetet. Verksamheten bygger p\u00e5 konfidentialitet och st\u00f6dpersonen f\u00f6rbinder sig att h\u00e5lla uppgifter om den hj\u00e4lpbeh\u00f6vande konfidentiella. Denna tystnadsplikt g\u00e4ller \u00e4ven om st\u00f6dpersonverksamheten upph\u00f6r. Verksamheten \u00e4r politiskt och religi\u00f6st obunden.<\/p>\n<p>Vi erbjuder ett meningsfullt och effektivt s\u00e4tt f\u00f6r att engagera sig i meningsfull frivilligverksamhet och att direkt st\u00f6dja m\u00e4nniskor som bor p\u00e5 landsbygden. V\u00e5r verksamhet finansieras av STEA. Landsbygdens st\u00f6dn\u00e4tverk \u00e4r en del av verksamheten vid <a href=\"http:\/\/www.lomajaterveys.fi\">Loma ja Terveys \u202fry<\/a>.<\/p>\n","protected":false},"excerpt":{"rendered":"<p>Landsbygdens st\u00f6dpersonn\u00e4tverk \u00e4r ett rikst\u00e4ckande n\u00e4tverk av 150 utbildade frivillighj\u00e4lpare. Vi hj\u00e4lper m\u00e4nniskor som bor p\u00e5 landsbygden och som beh\u00f6ver hj\u00e4lp och st\u00f6der dem i att klara av livets olika situationer. V\u00e5r verksamhet omfattar telefon- och webbst\u00f6d samt konkret hj\u00e4lp i hemmet i olika skeden av livet. St\u00f6dpersonn\u00e4tverket erbjuder tillf\u00f6rlitligt och kostnadsfritt st\u00f6d utan k\u00f6er. [&hellip;]<\/p>\n","protected":false},"author":15,"featured_media":2868,"parent":0,"menu_order":0,"comment_status":"closed","ping_status":"closed","template":"","meta":{"_genesis_hide_title":false,"_genesis_hide_breadcrumbs":false,"_genesis_hide_singular_image":false,"_genesis_hide_footer_widgets":false,"_genesis_custom_body_class":"","_genesis_custom_post_class":"","_genesis_layout":"","_mc_calendar":[],"footnotes":""},"class_list":{"0":"post-503","1":"page","2":"type-page","3":"status-publish","4":"has-post-thumbnail","6":"entry"},"yoast_head":"<!-- This site is optimized with the Yoast SEO plugin v27.5 - https:\/\/yoast.com\/product\/yoast-seo-wordpress\/ -->\n<title>St\u00f6dpersonsverksamheten - Maaseudun tukihenkil\u00f6verkko<\/title>\n<meta name=\"robots\" content=\"index, follow, max-snippet:-1, max-image-preview:large, max-video-preview:-1\" \/>\n<link rel=\"canonical\" href=\"https:\/\/tukihenkilo.fi\/sv\/stodpersonsverksamheten\/\" \/>\n<meta property=\"og:locale\" content=\"sv_SE\" \/>\n<meta property=\"og:type\" content=\"article\" \/>\n<meta property=\"og:title\" content=\"St\u00f6dpersonsverksamheten - Maaseudun tukihenkil\u00f6verkko\" \/>\n<meta property=\"og:description\" content=\"Landsbygdens st\u00f6dpersonn\u00e4tverk \u00e4r ett rikst\u00e4ckande n\u00e4tverk av 150 utbildade frivillighj\u00e4lpare. Vi hj\u00e4lper m\u00e4nniskor som bor p\u00e5 landsbygden och som beh\u00f6ver hj\u00e4lp och st\u00f6der dem i att klara av livets olika situationer. V\u00e5r verksamhet omfattar telefon- och webbst\u00f6d samt konkret hj\u00e4lp i hemmet i olika skeden av livet. St\u00f6dpersonn\u00e4tverket erbjuder tillf\u00f6rlitligt och kostnadsfritt st\u00f6d utan k\u00f6er. [&hellip;]\" \/>\n<meta property=\"og:url\" content=\"https:\/\/tukihenkilo.fi\/sv\/stodpersonsverksamheten\/\" \/>\n<meta property=\"og:site_name\" content=\"Maaseudun tukihenkil\u00f6verkko\" \/>\n<meta property=\"article:modified_time\" content=\"2025-09-10T10:48:39+00:00\" \/>\n<meta property=\"og:image\" content=\"https:\/\/tukihenkilo.fi\/wp-content\/uploads\/MTLH_tukihenkilo_31052023-130-1-1-scaled-e1690880287525.jpg\" \/>\n\t<meta property=\"og:image:width\" content=\"2560\" \/>\n\t<meta property=\"og:image:height\" content=\"1707\" \/>\n\t<meta property=\"og:image:type\" content=\"image\/jpeg\" \/>\n<meta name=\"twitter:card\" content=\"summary_large_image\" \/>\n<meta name=\"twitter:label1\" content=\"Ber\u00e4knad l\u00e4stid\" \/>\n\t<meta name=\"twitter:data1\" content=\"2 minuter\" \/>\n<script type=\"application\/ld+json\" class=\"yoast-schema-graph\">{\"@context\":\"https:\\\/\\\/schema.org\",\"@graph\":[{\"@type\":\"WebPage\",\"@id\":\"https:\\\/\\\/tukihenkilo.fi\\\/sv\\\/stodpersonsverksamheten\\\/\",\"url\":\"https:\\\/\\\/tukihenkilo.fi\\\/sv\\\/stodpersonsverksamheten\\\/\",\"name\":\"St\u00f6dpersonsverksamheten - Maaseudun tukihenkil\u00f6verkko\",\"isPartOf\":{\"@id\":\"https:\\\/\\\/tukihenkilo.fi\\\/#website\"},\"primaryImageOfPage\":{\"@id\":\"https:\\\/\\\/tukihenkilo.fi\\\/sv\\\/stodpersonsverksamheten\\\/#primaryimage\"},\"image\":{\"@id\":\"https:\\\/\\\/tukihenkilo.fi\\\/sv\\\/stodpersonsverksamheten\\\/#primaryimage\"},\"thumbnailUrl\":\"https:\\\/\\\/tukihenkilo.fi\\\/wp-content\\\/uploads\\\/MTLH_tukihenkilo_31052023-130-1-1-scaled-e1690880287525.jpg\",\"datePublished\":\"2018-02-23T19:27:19+00:00\",\"dateModified\":\"2025-09-10T10:48:39+00:00\",\"breadcrumb\":{\"@id\":\"https:\\\/\\\/tukihenkilo.fi\\\/sv\\\/stodpersonsverksamheten\\\/#breadcrumb\"},\"inLanguage\":\"sv-SE\",\"potentialAction\":[{\"@type\":\"ReadAction\",\"target\":[\"https:\\\/\\\/tukihenkilo.fi\\\/sv\\\/stodpersonsverksamheten\\\/\"]}]},{\"@type\":\"ImageObject\",\"inLanguage\":\"sv-SE\",\"@id\":\"https:\\\/\\\/tukihenkilo.fi\\\/sv\\\/stodpersonsverksamheten\\\/#primaryimage\",\"url\":\"https:\\\/\\\/tukihenkilo.fi\\\/wp-content\\\/uploads\\\/MTLH_tukihenkilo_31052023-130-1-1-scaled-e1690880287525.jpg\",\"contentUrl\":\"https:\\\/\\\/tukihenkilo.fi\\\/wp-content\\\/uploads\\\/MTLH_tukihenkilo_31052023-130-1-1-scaled-e1690880287525.jpg\",\"width\":2560,\"height\":1707,\"caption\":\"Kaksi mies istuvat vanhan puutalon portailla naureskellen ty\u00f6vaatteet ja ruutupaidat p\u00e4\u00e4ll\u00e4\u00e4n.\"},{\"@type\":\"BreadcrumbList\",\"@id\":\"https:\\\/\\\/tukihenkilo.fi\\\/sv\\\/stodpersonsverksamheten\\\/#breadcrumb\",\"itemListElement\":[{\"@type\":\"ListItem\",\"position\":1,\"name\":\"Home\",\"item\":\"https:\\\/\\\/tukihenkilo.fi\\\/sv\\\/\"},{\"@type\":\"ListItem\",\"position\":2,\"name\":\"St\u00f6dpersonsverksamheten\"}]},{\"@type\":\"WebSite\",\"@id\":\"https:\\\/\\\/tukihenkilo.fi\\\/#website\",\"url\":\"https:\\\/\\\/tukihenkilo.fi\\\/\",\"name\":\"Maaseudun tukihenkil\u00f6verkko\",\"description\":\"Maaseudun tukihenkil\u00f6verkko on vapaaehtoisty\u00f6h\u00f6n perustuva auttamisverkosto, joka tarjoaa keskusteluapua kaikille maaseudun asukkaille toimialasta riippumatta.\",\"potentialAction\":[{\"@type\":\"SearchAction\",\"target\":{\"@type\":\"EntryPoint\",\"urlTemplate\":\"https:\\\/\\\/tukihenkilo.fi\\\/?s={search_term_string}\"},\"query-input\":{\"@type\":\"PropertyValueSpecification\",\"valueRequired\":true,\"valueName\":\"search_term_string\"}}],\"inLanguage\":\"sv-SE\"}]}<\/script>\n<!-- \/ Yoast SEO plugin. -->","yoast_head_json":{"title":"St\u00f6dpersonsverksamheten - Maaseudun tukihenkil\u00f6verkko","robots":{"index":"index","follow":"follow","max-snippet":"max-snippet:-1","max-image-preview":"max-image-preview:large","max-video-preview":"max-video-preview:-1"},"canonical":"https:\/\/tukihenkilo.fi\/sv\/stodpersonsverksamheten\/","og_locale":"sv_SE","og_type":"article","og_title":"St\u00f6dpersonsverksamheten - Maaseudun tukihenkil\u00f6verkko","og_description":"Landsbygdens st\u00f6dpersonn\u00e4tverk \u00e4r ett rikst\u00e4ckande n\u00e4tverk av 150 utbildade frivillighj\u00e4lpare. Vi hj\u00e4lper m\u00e4nniskor som bor p\u00e5 landsbygden och som beh\u00f6ver hj\u00e4lp och st\u00f6der dem i att klara av livets olika situationer. V\u00e5r verksamhet omfattar telefon- och webbst\u00f6d samt konkret hj\u00e4lp i hemmet i olika skeden av livet. St\u00f6dpersonn\u00e4tverket erbjuder tillf\u00f6rlitligt och kostnadsfritt st\u00f6d utan k\u00f6er. [&hellip;]","og_url":"https:\/\/tukihenkilo.fi\/sv\/stodpersonsverksamheten\/","og_site_name":"Maaseudun tukihenkil\u00f6verkko","article_modified_time":"2025-09-10T10:48:39+00:00","og_image":[{"width":2560,"height":1707,"url":"https:\/\/tukihenkilo.fi\/wp-content\/uploads\/MTLH_tukihenkilo_31052023-130-1-1-scaled-e1690880287525.jpg","type":"image\/jpeg"}],"twitter_card":"summary_large_image","twitter_misc":{"Ber\u00e4knad l\u00e4stid":"2 minuter"},"schema":{"@context":"https:\/\/schema.org","@graph":[{"@type":"WebPage","@id":"https:\/\/tukihenkilo.fi\/sv\/stodpersonsverksamheten\/","url":"https:\/\/tukihenkilo.fi\/sv\/stodpersonsverksamheten\/","name":"St\u00f6dpersonsverksamheten - Maaseudun tukihenkil\u00f6verkko","isPartOf":{"@id":"https:\/\/tukihenkilo.fi\/#website"},"primaryImageOfPage":{"@id":"https:\/\/tukihenkilo.fi\/sv\/stodpersonsverksamheten\/#primaryimage"},"image":{"@id":"https:\/\/tukihenkilo.fi\/sv\/stodpersonsverksamheten\/#primaryimage"},"thumbnailUrl":"https:\/\/tukihenkilo.fi\/wp-content\/uploads\/MTLH_tukihenkilo_31052023-130-1-1-scaled-e1690880287525.jpg","datePublished":"2018-02-23T19:27:19+00:00","dateModified":"2025-09-10T10:48:39+00:00","breadcrumb":{"@id":"https:\/\/tukihenkilo.fi\/sv\/stodpersonsverksamheten\/#breadcrumb"},"inLanguage":"sv-SE","potentialAction":[{"@type":"ReadAction","target":["https:\/\/tukihenkilo.fi\/sv\/stodpersonsverksamheten\/"]}]},{"@type":"ImageObject","inLanguage":"sv-SE","@id":"https:\/\/tukihenkilo.fi\/sv\/stodpersonsverksamheten\/#primaryimage","url":"https:\/\/tukihenkilo.fi\/wp-content\/uploads\/MTLH_tukihenkilo_31052023-130-1-1-scaled-e1690880287525.jpg","contentUrl":"https:\/\/tukihenkilo.fi\/wp-content\/uploads\/MTLH_tukihenkilo_31052023-130-1-1-scaled-e1690880287525.jpg","width":2560,"height":1707,"caption":"Kaksi mies istuvat vanhan puutalon portailla naureskellen ty\u00f6vaatteet ja ruutupaidat p\u00e4\u00e4ll\u00e4\u00e4n."},{"@type":"BreadcrumbList","@id":"https:\/\/tukihenkilo.fi\/sv\/stodpersonsverksamheten\/#breadcrumb","itemListElement":[{"@type":"ListItem","position":1,"name":"Home","item":"https:\/\/tukihenkilo.fi\/sv\/"},{"@type":"ListItem","position":2,"name":"St\u00f6dpersonsverksamheten"}]},{"@type":"WebSite","@id":"https:\/\/tukihenkilo.fi\/#website","url":"https:\/\/tukihenkilo.fi\/","name":"Maaseudun tukihenkil\u00f6verkko","description":"Maaseudun tukihenkil\u00f6verkko on vapaaehtoisty\u00f6h\u00f6n perustuva auttamisverkosto, joka tarjoaa keskusteluapua kaikille maaseudun asukkaille toimialasta riippumatta.","potentialAction":[{"@type":"SearchAction","target":{"@type":"EntryPoint","urlTemplate":"https:\/\/tukihenkilo.fi\/?s={search_term_string}"},"query-input":{"@type":"PropertyValueSpecification","valueRequired":true,"valueName":"search_term_string"}}],"inLanguage":"sv-SE"}]}},"publishpress_future_action":{"enabled":false,"date":"2026-05-07 02:25:16","action":"change-status","newStatus":"draft","terms":[],"taxonomy":"translation_priority","extraData":[]},"publishpress_future_workflow_manual_trigger":{"enabledWorkflows":[]},"_links":{"self":[{"href":"https:\/\/tukihenkilo.fi\/sv\/wp-json\/wp\/v2\/pages\/503","targetHints":{"allow":["GET"]}}],"collection":[{"href":"https:\/\/tukihenkilo.fi\/sv\/wp-json\/wp\/v2\/pages"}],"about":[{"href":"https:\/\/tukihenkilo.fi\/sv\/wp-json\/wp\/v2\/types\/page"}],"author":[{"embeddable":true,"href":"https:\/\/tukihenkilo.fi\/sv\/wp-json\/wp\/v2\/users\/15"}],"replies":[{"embeddable":true,"href":"https:\/\/tukihenkilo.fi\/sv\/wp-json\/wp\/v2\/comments?post=503"}],"version-history":[{"count":7,"href":"https:\/\/tukihenkilo.fi\/sv\/wp-json\/wp\/v2\/pages\/503\/revisions"}],"predecessor-version":[{"id":4139,"href":"https:\/\/tukihenkilo.fi\/sv\/wp-json\/wp\/v2\/pages\/503\/revisions\/4139"}],"wp:featuredmedia":[{"embeddable":true,"href":"https:\/\/tukihenkilo.fi\/sv\/wp-json\/wp\/v2\/media\/2868"}],"wp:attachment":[{"href":"https:\/\/tukihenkilo.fi\/sv\/wp-json\/wp\/v2\/media?parent=503"}],"curies":[{"name":"wp","href":"https:\/\/api.w.org\/{rel}","templated":true}]}}